{"id":7826,"date":"2026-01-12T21:51:11","date_gmt":"2026-01-12T21:51:11","guid":{"rendered":"https:\/\/1001candles.com\/?page_id=7826"},"modified":"2026-04-14T09:35:10","modified_gmt":"2026-04-14T09:35:10","slug":"home-2-2-2-2","status":"publish","type":"page","link":"https:\/\/1001candles.com\/fr\/home-2-2-2-2\/","title":{"rendered":"Retail Collections"},"content":{"rendered":"\t\t<div data-elementor-type=\"wp-page\" data-elementor-id=\"7826\" class=\"elementor elementor-7826\">\n\t\t\t\t\t\t<div class=\" elementor-section elementor-top-section elementor-element elementor-element-0109cf9 elementor-section-full_width elementor-section-height-default elementor-section-height-default elementor-invisible\" data-id=\"0109cf9\" data-element_type=\"section\" data-settings=\"{&quot;animation&quot;:&quot;fadeIn&quot;,&quot;animation_delay&quot;:200,&quot;background_background&quot;:&quot;classic&quot;}\">\r\n\t\t\t\t\t\t\t\t<div class=\"elementor-container elementor-column-gap-default\">\r\n\t\t\t\t\r\n\t\t\t\t\t\t\t\t<div class=\" elementor-column elementor-col-100 elementor-top-column elementor-element elementor-element-e39e645 elementor-invisible \" data-id=\"e39e645\" data-element_type=\"column\" data-settings=\"{&quot;animation&quot;:&quot;fadeInUpShorter&quot;}\">\r\n\r\n\t\t\t\t\r\n\t\t\t\t<div class=\"elementor-widget-wrap elementor-element-populated\">\r\n\t\t\t\t\t\t\t\t\t\t\r\n\t\t\t\t\t\t<div class=\"elementor-element elementor-element-7c3fbb3 elementor-invisible elementor-widget elementor-widget-udesign_widget_heading\" data-id=\"7c3fbb3\" data-element_type=\"widget\" data-settings=\"{&quot;_animation&quot;:&quot;fadeIn&quot;,&quot;_animation_delay&quot;:200}\" data-widget_type=\"udesign_widget_heading.default\">\n\t\t\t\t<div class=\"elementor-widget-container\">\n\t\t\t<style>\/*! elementor - v3.23.0 - 15-07-2024 *\/\n.elementor-heading-title{padding:0;margin:0;line-height:1}.elementor-widget-heading .elementor-heading-title[class*=elementor-size-]>a{color:inherit;font-size:inherit;line-height:inherit}.elementor-widget-heading .elementor-heading-title.elementor-size-small{font-size:15px}.elementor-widget-heading .elementor-heading-title.elementor-size-medium{font-size:19px}.elementor-widget-heading .elementor-heading-title.elementor-size-large{font-size:29px}.elementor-widget-heading .elementor-heading-title.elementor-size-xl{font-size:39px}.elementor-widget-heading .elementor-heading-title.elementor-size-xxl{font-size:59px}<\/style><div class=\"title-wrapper  title-center\"><h1 class=\"title elementor-heading-title\">Nos collections pr\u00eates \u00e0 l\u2019emploi\n<\/h1><\/div>\t\t<\/div>\n\t\t\t\t<\/div>\n\t\t\t\t<div class=\"elementor-element elementor-element-39e6d14 elementor-widget__width-inherit elementor-widget-laptop__width-initial elementor-widget-tablet_extra__width-initial elementor-widget-tablet__width-initial elementor-invisible elementor-widget elementor-widget-udesign_widget_heading\" data-id=\"39e6d14\" data-element_type=\"widget\" data-settings=\"{&quot;_animation&quot;:&quot;fadeIn&quot;,&quot;_animation_delay&quot;:400}\" data-widget_type=\"udesign_widget_heading.default\">\n\t\t\t\t<div class=\"elementor-widget-container\">\n\t\t\t<div class=\"title-wrapper  title-center\"><p class=\"title elementor-heading-title\">Chaque collection 1001 Candles est une invitation \u00e0 \u00e9veiller les sens. Imagin\u00e9es par Mounia, elles transforment territoires, voyages et instants de vie en exp\u00e9riences olfactives.\nD\u00e9couvrez Moroccan Trip et ses six senteurs inspir\u00e9es d\u2019un voyage de Tanger \u00e0 Ouarzazate, Casa Fraganza aux accents m\u00e9diterran\u00e9ens, ou encore Olive, notre capsule engag\u00e9e.\nToutes nos collections sont fa\u00e7onn\u00e9es \u00e0 la main dans notre atelier marocain, \u00e0 partir de mati\u00e8res premi\u00e8res rigoureusement s\u00e9lectionn\u00e9es pour leur qualit\u00e9 et leur durabilit\u00e9.\n<\/p><\/div>\t\t<\/div>\n\t\t\t\t<\/div>\n\t\t\t\t\t\t<\/div>\r\n\t\t\t\t<\/div>\r\n\t\t\t\t\t\t\t\t<\/div>\r\n\t\t\t<\/div>\r\n\t\t\t\t\t<section class=\" elementor-section elementor-top-section elementor-element elementor-element-d521e25 elementor-reverse-mobile elementor-section-content-middle elementor-section-boxed elementor-section-height-default elementor-section-height-default\" data-id=\"d521e25\" data-element_type=\"section\" id=\"s1\" data-settings=\"{&quot;background_background&quot;:&quot;classic&quot;}\">\r\n\t\t\t\t\t\t\t\t<div class=\"elementor-container elementor-column-gap-default\">\r\n\t\t\t\t\r\n\t\t\t\t\t\t\t\t<div class=\" elementor-column elementor-col-50 elementor-top-column elementor-element elementor-element-2562e0c \" data-id=\"2562e0c\" data-element_type=\"column\">\r\n\r\n\t\t\t\t\r\n\t\t\t\t<div class=\"elementor-widget-wrap elementor-element-populated\">\r\n\t\t\t\t\t\t\t\t\t\t\r\n\t\t\t\t\t\t<div class=\"elementor-element elementor-element-738ca36 elementor-invisible elementor-widget elementor-widget-udesign_widget_heading\" data-id=\"738ca36\" data-element_type=\"widget\" data-settings=\"{&quot;_animation&quot;:&quot;fadeInLeftShorter&quot;,&quot;_animation_delay&quot;:600}\" data-widget_type=\"udesign_widget_heading.default\">\n\t\t\t\t<div class=\"elementor-widget-container\">\n\t\t\t<div class=\"title-wrapper  title-left\"><h3 class=\"title elementor-heading-title\">Moroccan Trip<\/h3><\/div>\t\t<\/div>\n\t\t\t\t<\/div>\n\t\t\t\t<div class=\"elementor-element elementor-element-6dbe4e7 elementor-widget__width-initial elementor-invisible elementor-widget elementor-widget-udesign_widget_heading\" data-id=\"6dbe4e7\" data-element_type=\"widget\" data-settings=\"{&quot;_animation&quot;:&quot;fadeInLeftShorter&quot;,&quot;_animation_delay&quot;:800}\" data-widget_type=\"udesign_widget_heading.default\">\n\t\t\t\t<div class=\"elementor-widget-container\">\n\t\t\t<div class=\"title-wrapper  title-left\"><p class=\"title elementor-heading-title\">Les portes du Maroc s\u2019ouvrent, chaque ville r\u00e9v\u00e9lant sa couleur, tandis que les taxis guident le voyageur d\u2019une escale \u00e0 l\u2019autre. Chaque trajet murmure une histoire parfum\u00e9e. Moroccan Trip est un voyage olfactif fa\u00e7onn\u00e9 \u00e0 la main au Maroc, une immersion dans les mati\u00e8res et les rencontres, o\u00f9 chaque parfum devient souvenir et paysage. Six senteurs, six escales, six fragments authentiques du Maroc.\n<\/p><\/div>\t\t<\/div>\n\t\t\t\t<\/div>\n\t\t\t\t<div class=\"elementor-element elementor-element-bd188c3 elementor-invisible elementor-widget elementor-widget-udesign_widget_button\" data-id=\"bd188c3\" data-element_type=\"widget\" data-settings=\"{&quot;_animation&quot;:&quot;fadeInRightShorter&quot;,&quot;_animation_delay&quot;:1200}\" data-widget_type=\"udesign_widget_button.default\">\n\t\t\t\t<div class=\"elementor-widget-container\">\n\t\t\t<a class=\"btn btn-md btn-rounded btn-primary\" href=\"https:\/\/1001candles.com\/moroccan-trip\" ><span >En savoir plus<\/span><\/a>\t\t<\/div>\n\t\t\t\t<\/div>\n\t\t\t\t\t\t<\/div>\r\n\t\t\t\t<\/div>\r\n\t\t\t\t\t\t\t\t\t<div class=\" elementor-column elementor-col-50 elementor-top-column elementor-element elementor-element-9d3cc90 elementor-invisible alpha-sticky-column\" data-id=\"9d3cc90\" data-element_type=\"column\" data-settings=\"{&quot;animation&quot;:&quot;fadeIn&quot;,&quot;animation_delay&quot;:200}\">\r\n\r\n\t\t\t\t\r\n\t\t\t\t<div class=\"elementor-widget-wrap elementor-element-populated\">\r\n\t\t\t\t\t\t\t\t\t\t\r\n\t\t\t\t\t\t<div class=\"elementor-element elementor-element-ede16e3 elementor-invisible elementor-widget elementor-widget-image\" data-id=\"ede16e3\" data-element_type=\"widget\" data-settings=\"{&quot;_animation&quot;:&quot;fadeIn&quot;}\" data-widget_type=\"image.default\">\n\t\t\t\t<div class=\"elementor-widget-container\">\n\t\t\t<style>\/*! elementor - v3.23.0 - 15-07-2024 *\/\n.elementor-widget-image{text-align:center}.elementor-widget-image a{display:inline-block}.elementor-widget-image a img[src$=\".svg\"]{width:48px}.elementor-widget-image img{vertical-align:middle;display:inline-block}<\/style>\t\t\t\t\t\t\t\t\t\t<img fetchpriority=\"high\" decoding=\"async\" width=\"768\" height=\"619\" src=\"https:\/\/1001candles.com\/wp-content\/uploads\/2026\/01\/1001-CANDLES-PRODUCT-CATALOGUE-2026_page21_image-768x619.webp\" class=\"elementor-animation-float attachment-medium_large size-medium_large wp-image-7842\" alt=\"\" title=\"\">\t\t\t\t\t\t\t\t\t\t\t\t\t<\/div>\n\t\t\t\t<\/div>\n\t\t\t\t\t\t<\/div>\r\n\t\t\t\t<\/div>\r\n\t\t\t\t\t\t\t\t<\/div>\r\n\t\t\t<\/section>\r\n\t\t\t\t\t<section class=\" elementor-section elementor-top-section elementor-element elementor-element-e59865b elementor-reverse-mobile elementor-section-boxed elementor-section-height-default elementor-section-height-default\" data-id=\"e59865b\" data-element_type=\"section\" id=\"s2\" data-settings=\"{&quot;background_background&quot;:&quot;classic&quot;}\">\r\n\t\t\t\t\t\t\t\t<div class=\"elementor-container elementor-column-gap-default\">\r\n\t\t\t\t\r\n\t\t\t\t\t\t\t\t<div class=\" elementor-column elementor-col-50 elementor-top-column elementor-element elementor-element-4f11d4a elementor-invisible alpha-sticky-column\" data-id=\"4f11d4a\" data-element_type=\"column\" data-settings=\"{&quot;animation&quot;:&quot;fadeIn&quot;,&quot;animation_delay&quot;:200}\">\r\n\r\n\t\t\t\t\r\n\t\t\t\t<div class=\"elementor-widget-wrap elementor-element-populated\">\r\n\t\t\t\t\t\t\t\t\t\t\r\n\t\t\t\t\t\t<div class=\"elementor-element elementor-element-514792c elementor-invisible elementor-widget elementor-widget-image\" data-id=\"514792c\" data-element_type=\"widget\" data-settings=\"{&quot;_animation&quot;:&quot;fadeIn&quot;}\" data-widget_type=\"image.default\">\n\t\t\t\t<div class=\"elementor-widget-container\">\n\t\t\t\t\t\t\t\t\t\t\t\t\t<img decoding=\"async\" width=\"768\" height=\"953\" src=\"https:\/\/1001candles.com\/wp-content\/uploads\/2026\/01\/1001-CANDLES-PRODUCT-CATALOGUE-2026_page4_image-768x953.webp\" class=\"elementor-animation-float attachment-medium_large size-medium_large wp-image-7843\" alt=\"\" title=\"\">\t\t\t\t\t\t\t\t\t\t\t\t\t<\/div>\n\t\t\t\t<\/div>\n\t\t\t\t\t\t<\/div>\r\n\t\t\t\t<\/div>\r\n\t\t\t\t\t\t\t\t\t<div class=\" elementor-column elementor-col-50 elementor-top-column elementor-element elementor-element-2bf6592 \" data-id=\"2bf6592\" data-element_type=\"column\">\r\n\r\n\t\t\t\t\r\n\t\t\t\t<div class=\"elementor-widget-wrap elementor-element-populated\">\r\n\t\t\t\t\t\t\t\t\t\t\r\n\t\t\t\t\t\t<div class=\"elementor-element elementor-element-6254538 elementor-widget-mobile__width-initial elementor-invisible elementor-widget elementor-widget-udesign_widget_heading\" data-id=\"6254538\" data-element_type=\"widget\" data-settings=\"{&quot;_animation&quot;:&quot;fadeInLeftShorter&quot;,&quot;_animation_delay&quot;:600}\" data-widget_type=\"udesign_widget_heading.default\">\n\t\t\t\t<div class=\"elementor-widget-container\">\n\t\t\t<div class=\"title-wrapper  title-left\"><h3 class=\"title elementor-heading-title\">Casa Fraganza - Un r\u00eave sensoriel m\u00e9diterran\u00e9en \n<\/h3><\/div>\t\t<\/div>\n\t\t\t\t<\/div>\n\t\t\t\t<div class=\"elementor-element elementor-element-7c9e446 elementor-widget__width-initial elementor-invisible elementor-widget elementor-widget-udesign_widget_heading\" data-id=\"7c9e446\" data-element_type=\"widget\" data-settings=\"{&quot;_animation&quot;:&quot;fadeInLeftShorter&quot;,&quot;_animation_delay&quot;:800}\" data-widget_type=\"udesign_widget_heading.default\">\n\t\t\t\t<div class=\"elementor-widget-container\">\n\t\t\t<div class=\"title-wrapper  title-left\"><p class=\"title elementor-heading-title\">Entrez dans Casa Fraganza, un refuge italien secret o\u00f9 chaque parfum lib\u00e8re un souvenir pr\u00e9cieux. Ce n\u2019est pas seulement une maison ; c\u2019est un po\u00e8me vivant, dont les murs murmurent des r\u00e9cits de matin\u00e9es baign\u00e9es de soleil et de soir\u00e9es enchant\u00e9es. Notre collection capture ces instants fugaces et les transforme en fragrances lumineuses. \u00c0 chaque lueur, laissez votre esprit danser au c\u0153ur de l\u2019art de vivre italien\n10  parfums  \u00e9l\u00e9gants  disponibles  pour  cr\u00e9er une collection olfactive sur mesure.<br><br><\/p><\/div>\t\t<\/div>\n\t\t\t\t<\/div>\n\t\t\t\t<div class=\"elementor-element elementor-element-f605f00 elementor-invisible elementor-widget elementor-widget-udesign_widget_button\" data-id=\"f605f00\" data-element_type=\"widget\" data-settings=\"{&quot;_animation&quot;:&quot;fadeInRightShorter&quot;,&quot;_animation_delay&quot;:1200}\" data-widget_type=\"udesign_widget_button.default\">\n\t\t\t\t<div class=\"elementor-widget-container\">\n\t\t\t<a class=\"btn btn-md btn-rounded btn-primary\" href=\"https:\/\/1001candles.com\/casa-fraganza\" ><span >En savoir plus<\/span><\/a>\t\t<\/div>\n\t\t\t\t<\/div>\n\t\t\t\t\t\t<\/div>\r\n\t\t\t\t<\/div>\r\n\t\t\t\t\t\t\t\t<\/div>\r\n\t\t\t<\/section>\r\n\t\t\t\t\t<section class=\" elementor-section elementor-top-section elementor-element elementor-element-4d91d9e elementor-reverse-mobile elementor-section-boxed elementor-section-height-default elementor-section-height-default\" data-id=\"4d91d9e\" data-element_type=\"section\" id=\"s3\" data-settings=\"{&quot;background_background&quot;:&quot;classic&quot;}\">\r\n\t\t\t\t\t\t\t\t<div class=\"elementor-container elementor-column-gap-default\">\r\n\t\t\t\t\r\n\t\t\t\t\t\t\t\t<div class=\" elementor-column elementor-col-50 elementor-top-column elementor-element elementor-element-1dac3d7 \" data-id=\"1dac3d7\" data-element_type=\"column\">\r\n\r\n\t\t\t\t\r\n\t\t\t\t<div class=\"elementor-widget-wrap elementor-element-populated\">\r\n\t\t\t\t\t\t\t\t\t\t\r\n\t\t\t\t\t\t<div class=\"elementor-element elementor-element-fb06955 elementor-invisible elementor-widget elementor-widget-udesign_widget_heading\" data-id=\"fb06955\" data-element_type=\"widget\" data-settings=\"{&quot;_animation&quot;:&quot;fadeInLeftShorter&quot;,&quot;_animation_delay&quot;:600}\" data-widget_type=\"udesign_widget_heading.default\">\n\t\t\t\t<div class=\"elementor-widget-container\">\n\t\t\t<div class=\"title-wrapper  title-left\"><h3 class=\"title elementor-heading-title\">Olive<\/h3><\/div>\t\t<\/div>\n\t\t\t\t<\/div>\n\t\t\t\t<div class=\"elementor-element elementor-element-5d5ec77 elementor-widget__width-initial elementor-invisible elementor-widget elementor-widget-udesign_widget_heading\" data-id=\"5d5ec77\" data-element_type=\"widget\" data-settings=\"{&quot;_animation&quot;:&quot;fadeInLeftShorter&quot;,&quot;_animation_delay&quot;:800}\" data-widget_type=\"udesign_widget_heading.default\">\n\t\t\t\t<div class=\"elementor-widget-container\">\n\t\t\t<div class=\"title-wrapper  title-left\"><p class=\"title elementor-heading-title\">Cette cr\u00e9ation soutient Pyramids of Hope, une initiative d\u00e9di\u00e9e \u00e0 la restauration de l\u2019apprentissage, du bien-\u00eatre et d\u2019un sentiment de normalit\u00e9 pour les enfants palestiniens affect\u00e9s par le d\u00e9placement.\n\n\u00c0 travers l\u2019\u00e9ducation, l\u2019accompagnement psychosocial et la cr\u00e9ation d\u2019espaces communautaires s\u00fbrs, leur travail incarne la racine qui tient, qui nourrit et qui perdure.\n\nLa bougie Olive est une invitation \u00e0 rallumer en nous une lumi\u00e8re essentielle : celle qui pr\u00e9serve notre humanit\u00e9 et nous relie \u00e0 la terre, aux autres, et \u00e0 la m\u00e9moire qui demeure.<\/p><\/div>\t\t<\/div>\n\t\t\t\t<\/div>\n\t\t\t\t<div class=\"elementor-element elementor-element-64d4360 elementor-invisible elementor-widget elementor-widget-udesign_widget_button\" data-id=\"64d4360\" data-element_type=\"widget\" data-settings=\"{&quot;_animation&quot;:&quot;fadeInRightShorter&quot;,&quot;_animation_delay&quot;:1200}\" data-widget_type=\"udesign_widget_button.default\">\n\t\t\t\t<div class=\"elementor-widget-container\">\n\t\t\t<a class=\"btn btn-md btn-rounded btn-primary\" href=\"https:\/\/1001candles.com\/olive-2\" ><span >En savoir plus<\/span><\/a>\t\t<\/div>\n\t\t\t\t<\/div>\n\t\t\t\t\t\t<\/div>\r\n\t\t\t\t<\/div>\r\n\t\t\t\t\t\t\t\t\t<div class=\" elementor-column elementor-col-50 elementor-top-column elementor-element elementor-element-f553daa elementor-invisible alpha-sticky-column\" data-id=\"f553daa\" data-element_type=\"column\" data-settings=\"{&quot;animation&quot;:&quot;fadeIn&quot;,&quot;animation_delay&quot;:200}\">\r\n\r\n\t\t\t\t\r\n\t\t\t\t<div class=\"elementor-widget-wrap elementor-element-populated\">\r\n\t\t\t\t\t\t\t\t\t\t\r\n\t\t\t\t\t\t<div class=\"elementor-element elementor-element-75644fb elementor-invisible elementor-widget elementor-widget-image\" data-id=\"75644fb\" data-element_type=\"widget\" data-settings=\"{&quot;_animation&quot;:&quot;fadeIn&quot;}\" data-widget_type=\"image.default\">\n\t\t\t\t<div class=\"elementor-widget-container\">\n\t\t\t\t\t\t\t\t\t\t\t\t\t<img decoding=\"async\" width=\"1536\" height=\"1024\" src=\"https:\/\/1001candles.com\/wp-content\/uploads\/2026\/01\/1001-CANDLES-PRODUCT-CATALOGUE-2026_page36_image.webp\" class=\"elementor-animation-float attachment-full size-full wp-image-7844\" alt=\"\" srcset=\"https:\/\/1001candles.com\/wp-content\/uploads\/2026\/01\/1001-CANDLES-PRODUCT-CATALOGUE-2026_page36_image.webp 1536w, https:\/\/1001candles.com\/wp-content\/uploads\/2026\/01\/1001-CANDLES-PRODUCT-CATALOGUE-2026_page36_image-1024x683.webp 1024w, https:\/\/1001candles.com\/wp-content\/uploads\/2026\/01\/1001-CANDLES-PRODUCT-CATALOGUE-2026_page36_image-768x512.webp 768w, https:\/\/1001candles.com\/wp-content\/uploads\/2026\/01\/1001-CANDLES-PRODUCT-CATALOGUE-2026_page36_image-385x258.webp 385w\" sizes=\"(max-width: 1536px) 100vw, 1536px\" title=\"\">\t\t\t\t\t\t\t\t\t\t\t\t\t<\/div>\n\t\t\t\t<\/div>\n\t\t\t\t\t\t<\/div>\r\n\t\t\t\t<\/div>\r\n\t\t\t\t\t\t\t\t<\/div>\r\n\t\t\t<\/section>\r\n\t\t\t\t\t<\/div>\n\t\t","protected":false},"excerpt":{"rendered":"<p>Nos collections pr\u00eates \u00e0 l\u2019emploi Chaque collection 1001 Candles est une invitation \u00e0 \u00e9veiller les sens. Imagin\u00e9es par Mounia, elles transforment territoires, voyages et instants de vie en exp\u00e9riences olfactives. D\u00e9couvrez Moroccan Trip et ses six senteurs inspir\u00e9es d\u2019un voyage de Tanger \u00e0 Ouarzazate, Casa Fraganza aux accents m\u00e9diterran\u00e9ens, ou encore Olive, notre capsule engag\u00e9e. [&hellip;]<\/p>\n","protected":false},"author":1,"featured_media":0,"parent":0,"menu_order":0,"comment_status":"closed","ping_status":"closed","template":"elementor_header_footer","meta":{"_acf_changed":false,"footnotes":""},"class_list":["post-7826","page","type-page","status-publish","hentry"],"acf":[],"_links":{"self":[{"href":"https:\/\/1001candles.com\/fr\/wp-json\/wp\/v2\/pages\/7826","targetHints":{"allow":["GET"]}}],"collection":[{"href":"https:\/\/1001candles.com\/fr\/wp-json\/wp\/v2\/pages"}],"about":[{"href":"https:\/\/1001candles.com\/fr\/wp-json\/wp\/v2\/types\/page"}],"author":[{"embeddable":true,"href":"https:\/\/1001candles.com\/fr\/wp-json\/wp\/v2\/users\/1"}],"replies":[{"embeddable":true,"href":"https:\/\/1001candles.com\/fr\/wp-json\/wp\/v2\/comments?post=7826"}],"version-history":[{"count":37,"href":"https:\/\/1001candles.com\/fr\/wp-json\/wp\/v2\/pages\/7826\/revisions"}],"predecessor-version":[{"id":8486,"href":"https:\/\/1001candles.com\/fr\/wp-json\/wp\/v2\/pages\/7826\/revisions\/8486"}],"wp:attachment":[{"href":"https:\/\/1001candles.com\/fr\/wp-json\/wp\/v2\/media?parent=7826"}],"curies":[{"name":"wp","href":"https:\/\/api.w.org\/{rel}","templated":true}]}}