{"id":5633,"date":"2024-11-19T12:17:54","date_gmt":"2024-11-19T12:17:54","guid":{"rendered":"https:\/\/1001candles.com\/?page_id=5633"},"modified":"2026-04-14T09:44:26","modified_gmt":"2026-04-14T09:44:26","slug":"notre-histoire","status":"publish","type":"page","link":"https:\/\/1001candles.com\/fr\/notre-histoire\/","title":{"rendered":"\u00c0 propos de nous"},"content":{"rendered":"\t\t<div data-elementor-type=\"wp-page\" data-elementor-id=\"5633\" class=\"elementor elementor-5633\">\n\t\t\t\t\t\t\t<div class=\" elementor-element elementor-element-cbd827a e-flex e-con-boxed e-con e-parent\" data-id=\"cbd827a\" data-element_type=\"container\">\r\n\t\t\t\t\t\t\t<div class=\"e-con-inner\">\r\n\t\t\t\t\t\t<div class=\"elementor-element elementor-element-e5f092e elementor-widget-mobile__width-auto elementor-invisible elementor-widget elementor-widget-udesign_widget_heading\" data-id=\"e5f092e\" data-element_type=\"widget\" data-settings=\"{&quot;_animation&quot;:&quot;fadeInRightShorter&quot;,&quot;_animation_delay&quot;:600}\" data-widget_type=\"udesign_widget_heading.default\">\n\t\t\t\t<div class=\"elementor-widget-container\">\n\t\t\t<style>\/*! elementor - v3.23.0 - 15-07-2024 *\/\n.elementor-heading-title{padding:0;margin:0;line-height:1}.elementor-widget-heading .elementor-heading-title[class*=elementor-size-]>a{color:inherit;font-size:inherit;line-height:inherit}.elementor-widget-heading .elementor-heading-title.elementor-size-small{font-size:15px}.elementor-widget-heading .elementor-heading-title.elementor-size-medium{font-size:19px}.elementor-widget-heading .elementor-heading-title.elementor-size-large{font-size:29px}.elementor-widget-heading .elementor-heading-title.elementor-size-xl{font-size:39px}.elementor-widget-heading .elementor-heading-title.elementor-size-xxl{font-size:59px}<\/style><div class=\"title-wrapper  title-center\"><h1 class=\"title elementor-heading-title\">L'art du Ma\u00eetre-cirier : notre histoire<\/h1><\/div>\t\t<\/div>\n\t\t\t\t<\/div>\n\t\t\t\t<div class=\"elementor-element elementor-element-991c29f elementor-widget-mobile__width-auto elementor-widget-tablet_extra__width-initial elementor-widget-tablet__width-initial elementor-widget-laptop__width-initial elementor-invisible elementor-widget elementor-widget-udesign_widget_heading\" data-id=\"991c29f\" data-element_type=\"widget\" data-settings=\"{&quot;_animation&quot;:&quot;fadeInRightShorter&quot;,&quot;_animation_delay&quot;:800}\" data-widget_type=\"udesign_widget_heading.default\">\n\t\t\t\t<div class=\"elementor-widget-container\">\n\t\t\t<div class=\"title-wrapper  title-center title-md-left\"><p class=\"title elementor-heading-title\">1001 Candles est n\u00e9 d'une conviction simple : une bougie peut \u00eatre une \u0153uvre. <br>Pas seulement une source de lumi\u00e8re ou de parfum, mais un objet qui transporte, qui \u00e9meut, qui reste.\n<\/p><\/div>\t\t<\/div>\n\t\t\t\t<\/div>\n\t\t\t\t\t\t<\/div>\r\n\t\t\t\t\r\n\t\t\t<\/div>\r\n\t\t\t\t\t\t<div class=\" elementor-element elementor-element-9dd62c8 e-con-full e-flex e-con e-parent\" data-id=\"9dd62c8\" data-element_type=\"container\">\r\n\t\t\t\t\t\t<div class=\" elementor-element elementor-element-acea95b e-con-full e-flex e-con e-child\" data-id=\"acea95b\" data-element_type=\"container\" data-settings=\"{&quot;background_background&quot;:&quot;classic&quot;}\">\r\n\t\t\t\t\t\t<div class=\" elementor-element elementor-element-64e43be e-con-full e-flex elementor-invisible e-con e-child\" data-id=\"64e43be\" data-element_type=\"container\" data-settings=\"{&quot;animation&quot;:&quot;fadeIn&quot;,&quot;animation_delay&quot;:200}\">\r\n\t\t\t\t\t<div class=\"elementor-element elementor-element-4bfda2b elementor-widget-mobile__width-auto elementor-widget-tablet_extra__width-initial elementor-widget-tablet__width-initial elementor-invisible elementor-widget elementor-widget-udesign_widget_heading\" data-id=\"4bfda2b\" data-element_type=\"widget\" data-settings=\"{&quot;_animation&quot;:&quot;fadeInRightShorter&quot;,&quot;_animation_delay&quot;:800}\" data-widget_type=\"udesign_widget_heading.default\">\n\t\t\t\t<div class=\"elementor-widget-container\">\n\t\t\t<div class=\"title-wrapper  title-left title-md-left\"><p class=\"title elementor-heading-title\">\u00c0 l\u2019origine de cette qu\u00eate d\u2019excellence, Mounia, fondatrice de 1001 Candles, forte de plus de 15 ans d\u2019exp\u00e9rience dans l\u2019univers de la beaut\u00e9 et du parfum. Au fil de ses collaborations avec des maisons prestigieuses, elle a affin\u00e9 son regard sur l\u2019alchimie des mati\u00e8res, jusqu\u2019\u00e0 une conviction essentielle : la bougie artisanale m\u00e9rite le m\u00eame niveau d\u2019exigence qu\u2019une fragrance de haute parfumerie.\nGuid\u00e9e par cette vision, elle s\u2019est form\u00e9e aupr\u00e8s d\u2019un Ma\u00eetre-Cirier fran\u00e7ais reconnu, artisan discret derri\u00e8re certaines des bougies les plus iconiques de la derni\u00e8re d\u00e9cennie. Dans cet atelier, chaque d\u00e9tail compte : des cires v\u00e9g\u00e9tales pures (soja, coco, colza), des m\u00e8ches en coton naturel, des fragrances compos\u00e9es avec rigueur, et des contenants fa\u00e7onn\u00e9s \u00e0 la main par des artisans locaux.\nAujourd\u2019hui, cet h\u00e9ritage prend vie \u00e0 travers des cr\u00e9ations o\u00f9 se rencontrent pr\u00e9cision, sensibilit\u00e9 et modernit\u00e9.\n<\/p><\/div>\t\t<\/div>\n\t\t\t\t<\/div>\n\t\t\r\n\t\t\t<\/div>\r\n\t\t\t\t\t\t<div class=\" elementor-element elementor-element-845fbbe e-con-full e-flex e-con e-child\" data-id=\"845fbbe\" data-element_type=\"container\">\r\n\t\t\t\t\t<div class=\"elementor-element elementor-element-14f4bf0 elementor-widget elementor-widget-image\" data-id=\"14f4bf0\" data-element_type=\"widget\" data-widget_type=\"image.default\">\n\t\t\t\t<div class=\"elementor-widget-container\">\n\t\t\t<style>\/*! elementor - v3.23.0 - 15-07-2024 *\/\n.elementor-widget-image{text-align:center}.elementor-widget-image a{display:inline-block}.elementor-widget-image a img[src$=\".svg\"]{width:48px}.elementor-widget-image img{vertical-align:middle;display:inline-block}<\/style>\t\t\t\t\t\t\t\t\t\t<img fetchpriority=\"high\" decoding=\"async\" width=\"728\" height=\"1024\" src=\"https:\/\/1001candles.com\/wp-content\/uploads\/2026\/04\/f0VNI8QQ-scaled-e1775290292610-728x1024.png\" class=\"attachment-large size-large wp-image-8139\" alt=\"creation sur mesure, bougies artisanales, bougies parfum\u00e9es, excellence artisanale notre histoire\" title=\"\">\t\t\t\t\t\t\t\t\t\t\t\t\t<\/div>\n\t\t\t\t<\/div>\n\t\t\r\n\t\t\t<\/div>\r\n\t\t\t\r\n\t\t\t<\/div>\r\n\t\t\t\t\t\t<div class=\" elementor-element elementor-element-504467c e-con-full e-flex e-con e-child\" data-id=\"504467c\" data-element_type=\"container\" data-settings=\"{&quot;background_background&quot;:&quot;classic&quot;}\">\r\n\t\t\t\t\t\t<div class=\" elementor-element elementor-element-4b8c505 e-con-full e-flex elementor-invisible e-con e-child\" data-id=\"4b8c505\" data-element_type=\"container\" data-settings=\"{&quot;animation&quot;:&quot;fadeIn&quot;,&quot;animation_delay&quot;:200}\">\r\n\t\t\t\t\t<div class=\"elementor-element elementor-element-78bd359 elementor-widget elementor-widget-heading\" data-id=\"78bd359\" data-element_type=\"widget\" data-widget_type=\"heading.default\">\n\t\t\t\t<div class=\"elementor-widget-container\">\n\t\t\t<style>\/*! elementor - v3.23.0 - 15-07-2024 *\/\n.elementor-heading-title{padding:0;margin:0;line-height:1}.elementor-widget-heading .elementor-heading-title[class*=elementor-size-]>a{color:inherit;font-size:inherit;line-height:inherit}.elementor-widget-heading .elementor-heading-title.elementor-size-small{font-size:15px}.elementor-widget-heading .elementor-heading-title.elementor-size-medium{font-size:19px}.elementor-widget-heading .elementor-heading-title.elementor-size-large{font-size:29px}.elementor-widget-heading .elementor-heading-title.elementor-size-xl{font-size:39px}.elementor-widget-heading .elementor-heading-title.elementor-size-xxl{font-size:59px}<\/style><h2 class=\"elementor-heading-title elementor-size-default\">L'excellence artisanale<\/h2>\t\t<\/div>\n\t\t\t\t<\/div>\n\t\t\t\t<div class=\"elementor-element elementor-element-db21a1b elementor-widget-mobile__width-inherit elementor-widget-tablet_extra__width-initial elementor-widget-tablet__width-initial elementor-invisible elementor-widget elementor-widget-udesign_widget_heading\" data-id=\"db21a1b\" data-element_type=\"widget\" data-settings=\"{&quot;_animation&quot;:&quot;fadeInRightShorter&quot;,&quot;_animation_delay&quot;:800}\" data-widget_type=\"udesign_widget_heading.default\">\n\t\t\t\t<div class=\"elementor-widget-container\">\n\t\t\t<div class=\"title-wrapper  title-left title-md-left\"><p class=\"title elementor-heading-title\">Chaque cr\u00e9ation 1001 Candles na\u00eet avant tout d\u2019une \u00e9coute attentive et d\u2019une compr\u00e9hension fine de l\u2019univers de nos clients, particuliers, marques, h\u00f4tels ou spas. Nous prenons le temps de nous impr\u00e9gner de leur identit\u00e9, de leurs inspirations et de leurs besoins pour imaginer, ensemble, des produits qui leur ressemblent pleinement.\nNotre processus cr\u00e9atif, \u00e0 la fois rigoureux et sensible, puise sa flexibilit\u00e9 dans le fait main. Loin d\u2019une production standardis\u00e9e, chaque pi\u00e8ce est coul\u00e9e, centr\u00e9e, contr\u00f4l\u00e9e et finalis\u00e9e \u00e0 la main dans notre atelier.\nAujourd\u2019hui, 1001 Candles collabore avec des clients \u00e0 travers le monde, tout en restant fid\u00e8le \u00e0 son essence : un atelier \u00e0 taille humaine, guid\u00e9 par la pr\u00e9cision, la passion et des valeurs fortes:  l\u2019excellence artisanale, la sinc\u00e9rit\u00e9 des mati\u00e8res et le respect de l\u2019environnement.\n<\/p><\/div>\t\t<\/div>\n\t\t\t\t<\/div>\n\t\t\r\n\t\t\t<\/div>\r\n\t\t\t\t\t\t<div class=\" elementor-element elementor-element-0b798d2 e-con-full e-flex e-con e-child\" data-id=\"0b798d2\" data-element_type=\"container\">\r\n\t\t\t\t\t<div class=\"elementor-element elementor-element-10cc770 elementor-widget elementor-widget-image\" data-id=\"10cc770\" data-element_type=\"widget\" data-widget_type=\"image.default\">\n\t\t\t\t<div class=\"elementor-widget-container\">\n\t\t\t\t\t\t\t\t\t\t\t\t\t<img decoding=\"async\" width=\"768\" height=\"1152\" src=\"https:\/\/1001candles.com\/wp-content\/uploads\/2026\/04\/h3YJG7_g-768x1152.png\" class=\"attachment-medium_large size-medium_large wp-image-8133\" alt=\"white labeling, marque blanche, bougies parfum\u00e9es, bougies maroc, notre histoire, ma\u00eetre cirier, 1001 candles\" srcset=\"https:\/\/1001candles.com\/wp-content\/uploads\/2026\/04\/h3YJG7_g-768x1152.png 768w, https:\/\/1001candles.com\/wp-content\/uploads\/2026\/04\/h3YJG7_g-683x1024.png 683w\" sizes=\"(max-width: 768px) 100vw, 768px\" title=\"\">\t\t\t\t\t\t\t\t\t\t\t\t\t<\/div>\n\t\t\t\t<\/div>\n\t\t\r\n\t\t\t<\/div>\r\n\t\t\t\r\n\t\t\t<\/div>\r\n\t\t\t\t\t\t<div class=\" elementor-element elementor-element-4df206f e-con-full e-flex e-con e-child\" data-id=\"4df206f\" data-element_type=\"container\" data-settings=\"{&quot;background_background&quot;:&quot;classic&quot;}\">\r\n\t\t\t\t\t\t<div class=\" elementor-element elementor-element-12cde78 e-con-full e-flex elementor-invisible e-con e-child\" data-id=\"12cde78\" data-element_type=\"container\" data-settings=\"{&quot;animation&quot;:&quot;fadeIn&quot;,&quot;animation_delay&quot;:200}\">\r\n\t\t\t\t\t<div class=\"elementor-element elementor-element-ed9ac2a elementor-widget elementor-widget-image\" data-id=\"ed9ac2a\" data-element_type=\"widget\" data-widget_type=\"image.default\">\n\t\t\t\t<div class=\"elementor-widget-container\">\n\t\t\t\t\t\t\t\t\t\t\t\t\t<img decoding=\"async\" width=\"664\" height=\"844\" src=\"https:\/\/1001candles.com\/wp-content\/uploads\/2026\/04\/Capture-decran-2026-04-14-a-11.08.28.png\" class=\"attachment-large size-large wp-image-8464\" alt=\"excellence artisanale, ma\u00eetre cirier, notre histoire, 1001 candles, bougies sur-mesure\" title=\"\">\t\t\t\t\t\t\t\t\t\t\t\t\t<\/div>\n\t\t\t\t<\/div>\n\t\t\r\n\t\t\t<\/div>\r\n\t\t\t\t\t\t<div class=\" elementor-element elementor-element-89a814a e-con-full e-flex e-con e-child\" data-id=\"89a814a\" data-element_type=\"container\">\r\n\t\t\t\t\t<div class=\"elementor-element elementor-element-77be086 elementor-invisible elementor-widget elementor-widget-udesign_widget_heading\" data-id=\"77be086\" data-element_type=\"widget\" data-settings=\"{&quot;_animation&quot;:&quot;fadeInRightShorter&quot;,&quot;_animation_delay&quot;:600}\" data-widget_type=\"udesign_widget_heading.default\">\n\t\t\t\t<div class=\"elementor-widget-container\">\n\t\t\t<div class=\"title-wrapper \"><h3 class=\"title elementor-heading-title\">Nos engagements\n<\/h3><\/div>\t\t<\/div>\n\t\t\t\t<\/div>\n\t\t\t\t<div class=\"elementor-element elementor-element-5f2317f elementor-widget-mobile__width-auto elementor-widget-tablet_extra__width-initial elementor-widget-tablet__width-initial elementor-invisible elementor-widget elementor-widget-udesign_widget_heading\" data-id=\"5f2317f\" data-element_type=\"widget\" data-settings=\"{&quot;_animation&quot;:&quot;fadeInRightShorter&quot;,&quot;_animation_delay&quot;:800}\" data-widget_type=\"udesign_widget_heading.default\">\n\t\t\t\t<div class=\"elementor-widget-container\">\n\t\t\t<div class=\"title-wrapper  title-left title-md-left\"><p class=\"title elementor-heading-title\">Install\u00e9e \u00e0 Casablanca, 1001 Candles \u0153uvre \u00e0 pr\u00e9server et transmettre l\u2019art de la bougie parfum\u00e9e. Fond\u00e9e par Mounia Benyakhlef, la marque s\u2019inscrit dans une d\u00e9marche d\u2019\u00e9mancipation des femmes \u00e0 travers l\u2019artisanat, en faisant de l\u2019atelier un v\u00e9ritable espace de formation et d\u2019insertion.\nChaque cr\u00e9ation est con\u00e7ue et r\u00e9alis\u00e9e localement, en collaboration avec des artisans, dans le respect des savoir-faire et des mati\u00e8res. \n1001 Candles incarne ainsi une vision alliant excellence artisanale, impact social et responsabilit\u00e9 environnementale.\n\n<\/p><\/div>\t\t<\/div>\n\t\t\t\t<\/div>\n\t\t\r\n\t\t\t<\/div>\r\n\t\t\t\r\n\t\t\t<\/div>\r\n\t\t\t\t\t\t<div class=\" elementor-element elementor-element-b5c24d6 e-flex e-con-boxed e-con e-child\" data-id=\"b5c24d6\" data-element_type=\"container\">\r\n\t\t\t\t\t\t\t<div class=\"e-con-inner\">\r\n\t\t\t\t\t\t\t<div class=\" elementor-element elementor-element-35005de e-con-full e-flex e-con e-child\" data-id=\"35005de\" data-element_type=\"container\">\r\n\t\t\t\t\t\t<div class=\" elementor-element elementor-element-26665ac e-con-full e-flex e-con e-child\" data-id=\"26665ac\" data-element_type=\"container\">\r\n\t\t\t\t\t<div class=\"elementor-element elementor-element-a4ad356 elementor-widget__width-inherit elementor-invisible elementor-widget elementor-widget-udesign_widget_posts_grid\" data-id=\"a4ad356\" data-element_type=\"widget\" data-settings=\"{&quot;_animation&quot;:&quot;fadeInLeftShorter&quot;,&quot;_animation_delay&quot;:200}\" data-widget_type=\"udesign_widget_posts_grid.default\">\n\t\t\t\t<div class=\"elementor-widget-container\">\n\t\t\t<div id=\"alpha-posts-grid-7186\" class=\"alpha-posts-grid\"><div class=\"alpha-posts-grid-container posts row cols-lg-2 cols-md-2 cols-sm-2 cols-1 cols-xl-2\" data-post-type=\"default\"><div class=\"alpha-tb-item post post-6351 type-post status-publish format-standard has-post-thumbnail hentry category-member tag-member\"><div class=\"alpha-tb-featured-image alpha-img-zoom cs62-member-type alpha-gb-66e0cb20bacdeaf9fefc4b055cccd164\" data-title=\"First Member\"><div class=\"img-thumbnail\"><img loading=\"lazy\" decoding=\"async\" width=\"385\" height=\"258\" src=\"https:\/\/1001candles.com\/wp-content\/uploads\/2024\/11\/d62-member-7-385x258.jpg\" class=\"attachment-Member Image Size size-Member Image Size\" alt=\"a woman with curly hair wearing a blue shirt\" title=\"\"><\/div><div class=\"tb-hover-content\">\n<div class=\"title-wrapper alpha-gb-85f0cfe2caa1b95bff696e584d42f769 title-simple title-center\"><a class=\"w-100\" href=\"https:\/\/1001candles.com\/fr\/2024\/11\/21\/third-member-1\/\"><h3 class=\"title elementor-heading-title\">Mounia Benyakhlef<\/h3><\/a><\/div>\n\n<span class=\"alpha-tb-meta tb-meta-udesign_member_category justify-content-center   alpha-gb-06026c60893f4502602db30083ff98f7\"><\/span>\n\n<div class=\"title-wrapper alpha-gb-1472a1aec5e7978209ca4abf936b8921 title-simple title-center\"><h4 class=\"title elementor-heading-title\">Fondatrice et Directrice<\/h4><\/div>\n\n<div class=\"title-wrapper alpha-gb-0 title-simple title-left\"><\/div>\n\n\r\n<div class=\"alpha-icon alpha-gb-d28f14ed19ac47940d372c54c8f9d4b7 email-icon-link\">\r\n\t<i class=\"fas fa-envelope\"><\/i>\r\n<\/div>\r\n\n<\/div><\/div>\n\n\n<p class=\"has-medium-font-size\"><\/p>\n\n\n\n<p><\/p>\n<\/div><\/div><\/div>\t\t<\/div>\n\t\t\t\t<\/div>\n\t\t\r\n\t\t\t<\/div>\r\n\t\t\t\t\t\t<div class=\" elementor-element elementor-element-6e2edbd e-con-full e-flex e-con e-child\" data-id=\"6e2edbd\" data-element_type=\"container\">\r\n\t\t\t\t\t<div class=\"elementor-element elementor-element-007c6d2 elementor-invisible elementor-widget elementor-widget-udesign_widget_heading\" data-id=\"007c6d2\" data-element_type=\"widget\" data-settings=\"{&quot;_animation&quot;:&quot;fadeInRightShorter&quot;,&quot;_animation_delay&quot;:600}\" data-widget_type=\"udesign_widget_heading.default\">\n\t\t\t\t<div class=\"elementor-widget-container\">\n\t\t\t<div class=\"title-wrapper \"><h4 class=\"title elementor-heading-title\">NOTRE \u00c9QUIPE<\/h4><\/div>\t\t<\/div>\n\t\t\t\t<\/div>\n\t\t\t\t<div class=\"elementor-element elementor-element-ae103f4 elementor-invisible elementor-widget elementor-widget-udesign_widget_heading\" data-id=\"ae103f4\" data-element_type=\"widget\" data-settings=\"{&quot;_animation&quot;:&quot;fadeInRightShorter&quot;,&quot;_animation_delay&quot;:800}\" data-widget_type=\"udesign_widget_heading.default\">\n\t\t\t\t<div class=\"elementor-widget-container\">\n\t\t\t<div class=\"title-wrapper  title-left\"><p class=\"title elementor-heading-title\">Derri\u00e8re chaque cr\u00e9ation, il y a une \u00e9quipe passionn\u00e9e, unie par l\u2019amour du m\u00e9tier et le d\u00e9sir de faire rayonner vos id\u00e9es.\nNos artisans, designers et experts collaborent avec soin pour donner vie \u00e0 des bougies qui ne sont pas seulement des objets, mais de v\u00e9ritables \u0153uvres porteuses d\u2019\u00e9motions. Chez nous, la passion est bien plus qu\u2019un mot, c\u2019est l\u2019\u00e2me de tout ce que nous faisons.<\/p><\/div>\t\t<\/div>\n\t\t\t\t<\/div>\n\t\t\r\n\t\t\t<\/div>\r\n\t\t\t\r\n\t\t\t<\/div>\r\n\t\t\t\t\t\t\t<\/div>\r\n\t\t\t\t\r\n\t\t\t<\/div>\r\n\t\t\t\r\n\t\t\t<\/div>\r\n\t\t\t\t\t<\/div>\n\t\t","protected":false},"excerpt":{"rendered":"<p>L&rsquo;art du Ma\u00eetre-cirier : notre histoire 1001 Candles est n\u00e9 d&rsquo;une conviction simple : une bougie peut \u00eatre une \u0153uvre. Pas seulement une source de lumi\u00e8re ou de parfum, mais un objet qui transporte, qui \u00e9meut, qui reste. \u00c0 l\u2019origine de cette qu\u00eate d\u2019excellence, Mounia, fondatrice de 1001 Candles, forte de plus de 15 ans [&hellip;]<\/p>\n","protected":false},"author":1,"featured_media":0,"parent":0,"menu_order":0,"comment_status":"closed","ping_status":"closed","template":"","meta":{"_acf_changed":false,"footnotes":""},"class_list":["post-5633","page","type-page","status-publish","hentry"],"acf":[],"_links":{"self":[{"href":"https:\/\/1001candles.com\/fr\/wp-json\/wp\/v2\/pages\/5633","targetHints":{"allow":["GET"]}}],"collection":[{"href":"https:\/\/1001candles.com\/fr\/wp-json\/wp\/v2\/pages"}],"about":[{"href":"https:\/\/1001candles.com\/fr\/wp-json\/wp\/v2\/types\/page"}],"author":[{"embeddable":true,"href":"https:\/\/1001candles.com\/fr\/wp-json\/wp\/v2\/users\/1"}],"replies":[{"embeddable":true,"href":"https:\/\/1001candles.com\/fr\/wp-json\/wp\/v2\/comments?post=5633"}],"version-history":[{"count":515,"href":"https:\/\/1001candles.com\/fr\/wp-json\/wp\/v2\/pages\/5633\/revisions"}],"predecessor-version":[{"id":8496,"href":"https:\/\/1001candles.com\/fr\/wp-json\/wp\/v2\/pages\/5633\/revisions\/8496"}],"wp:attachment":[{"href":"https:\/\/1001candles.com\/fr\/wp-json\/wp\/v2\/media?parent=5633"}],"curies":[{"name":"wp","href":"https:\/\/api.w.org\/{rel}","templated":true}]}}