{"id":7832,"date":"2026-01-12T21:50:38","date_gmt":"2026-01-12T21:50:38","guid":{"rendered":"https:\/\/1001candles.com\/?page_id=7832"},"modified":"2026-04-04T07:22:32","modified_gmt":"2026-04-04T07:22:32","slug":"olive-2","status":"publish","type":"page","link":"https:\/\/1001candles.com\/en\/olive-2\/","title":{"rendered":"Olive"},"content":{"rendered":"\t\t<div data-elementor-type=\"wp-page\" data-elementor-id=\"7832\" class=\"elementor elementor-7832\">\n\t\t\t\t\t\t<div class=\" elementor-section elementor-top-section elementor-element elementor-element-0109cf9 elementor-section-full_width elementor-section-height-default elementor-section-height-default elementor-invisible\" data-id=\"0109cf9\" data-element_type=\"section\" data-settings=\"{&quot;animation&quot;:&quot;fadeIn&quot;,&quot;animation_delay&quot;:200,&quot;background_background&quot;:&quot;classic&quot;}\">\r\n\t\t\t\t\t\t\t\t<div class=\"elementor-container elementor-column-gap-default\">\r\n\t\t\t\t\r\n\t\t\t\t\t\t\t\t<div class=\" elementor-column elementor-col-100 elementor-top-column elementor-element elementor-element-e39e645 elementor-invisible \" data-id=\"e39e645\" data-element_type=\"column\" data-settings=\"{&quot;animation&quot;:&quot;fadeInUpShorter&quot;}\">\r\n\r\n\t\t\t\t\r\n\t\t\t\t<div class=\"elementor-widget-wrap elementor-element-populated\">\r\n\t\t\t\t\t\t\t\t\t\t\r\n\t\t\t\t\t\t<div class=\"elementor-element elementor-element-7c3fbb3 elementor-invisible elementor-widget elementor-widget-udesign_widget_heading\" data-id=\"7c3fbb3\" data-element_type=\"widget\" data-settings=\"{&quot;_animation&quot;:&quot;fadeIn&quot;,&quot;_animation_delay&quot;:200}\" data-widget_type=\"udesign_widget_heading.default\">\n\t\t\t\t<div class=\"elementor-widget-container\">\n\t\t\t<style>\/*! elementor - v3.23.0 - 15-07-2024 *\/\n.elementor-heading-title{padding:0;margin:0;line-height:1}.elementor-widget-heading .elementor-heading-title[class*=elementor-size-]>a{color:inherit;font-size:inherit;line-height:inherit}.elementor-widget-heading .elementor-heading-title.elementor-size-small{font-size:15px}.elementor-widget-heading .elementor-heading-title.elementor-size-medium{font-size:19px}.elementor-widget-heading .elementor-heading-title.elementor-size-large{font-size:29px}.elementor-widget-heading .elementor-heading-title.elementor-size-xl{font-size:39px}.elementor-widget-heading .elementor-heading-title.elementor-size-xxl{font-size:59px}<\/style><div class=\"title-wrapper  title-center\"><h1 class=\"title elementor-heading-title\">Olive \u2014 Une flamme allum\u00e9e pour l'espoir\n<\/h1><\/div>\t\t<\/div>\n\t\t\t\t<\/div>\n\t\t\t\t<div class=\"elementor-element elementor-element-39e6d14 elementor-widget__width-initial elementor-widget-laptop__width-initial elementor-widget-tablet_extra__width-initial elementor-widget-tablet__width-initial elementor-invisible elementor-widget elementor-widget-udesign_widget_heading\" data-id=\"39e6d14\" data-element_type=\"widget\" data-settings=\"{&quot;_animation&quot;:&quot;fadeIn&quot;,&quot;_animation_delay&quot;:400}\" data-widget_type=\"udesign_widget_heading.default\">\n\t\t\t\t<div class=\"elementor-widget-container\">\n\t\t\t<div class=\"title-wrapper  title-center\"><p class=\"title elementor-heading-title\">Olive est plus qu'une bougie. Cette capsule en \u00e9dition limit\u00e9e est n\u00e9e d'un engagement : chaque vente soutient l'association Pyramids of Hope. Un parfum doux et v\u00e9g\u00e9tal, un geste concret. Parce que chaque flamme peut \u00e9clairer plus qu'un int\u00e9rieur.\n\u00c0 travers l\u2019\u00e9ducation, l\u2019accompagnement psychosocial et la cr\u00e9ation d\u2019espaces communautaires s\u00fbrs, leur travail incarne la racine qui tient, qui nourrit et qui perdure.\n\nLa bougie Olive est une invitation \u00e0 rallumer en nous une lumi\u00e8re essentielle : celle qui pr\u00e9serve notre humanit\u00e9 et nous relie \u00e0 la terre, aux autres, et \u00e0 la m\u00e9moire qui demeure.<br><\/p><\/div>\t\t<\/div>\n\t\t\t\t<\/div>\n\t\t\t\t<div class=\"elementor-element elementor-element-7c93800 elementor-invisible elementor-widget elementor-widget-udesign_widget_button\" data-id=\"7c93800\" data-element_type=\"widget\" data-settings=\"{&quot;_animation&quot;:&quot;fadeInRightShorter&quot;,&quot;_animation_delay&quot;:1200}\" data-widget_type=\"udesign_widget_button.default\">\n\t\t\t\t<div class=\"elementor-widget-container\">\n\t\t\t<a class=\"btn btn-md btn-rounded btn-primary\" href=\"https:\/\/1001candles.com\/wp-content\/uploads\/2026\/01\/1001-Candles-Retail-Collections-2026_compressed.pdf\" ><span >Explorer le catalogue<\/span><\/a>\t\t<\/div>\n\t\t\t\t<\/div>\n\t\t\t\t\t\t<\/div>\r\n\t\t\t\t<\/div>\r\n\t\t\t\t\t\t\t\t<\/div>\r\n\t\t\t<\/div>\r\n\t\t\t\t\t<section class=\" elementor-section elementor-top-section elementor-element elementor-element-d521e25 elementor-reverse-mobile elementor-section-content-middle elementor-section-boxed elementor-section-height-default elementor-section-height-default\" data-id=\"d521e25\" data-element_type=\"section\" id=\"s1\" data-settings=\"{&quot;background_background&quot;:&quot;classic&quot;}\">\r\n\t\t\t\t\t\t\t\t<div class=\"elementor-container elementor-column-gap-default\">\r\n\t\t\t\t\r\n\t\t\t\t\t\t\t\t<div class=\" elementor-column elementor-col-50 elementor-top-column elementor-element elementor-element-2562e0c \" data-id=\"2562e0c\" data-element_type=\"column\">\r\n\r\n\t\t\t\t\r\n\t\t\t\t<div class=\"elementor-widget-wrap elementor-element-populated\">\r\n\t\t\t\t\t\t\t\t\t\t\r\n\t\t\t\t\t\t<div class=\"elementor-element elementor-element-738ca36 elementor-invisible elementor-widget elementor-widget-udesign_widget_heading\" data-id=\"738ca36\" data-element_type=\"widget\" data-settings=\"{&quot;_animation&quot;:&quot;fadeInLeftShorter&quot;,&quot;_animation_delay&quot;:600}\" data-widget_type=\"udesign_widget_heading.default\">\n\t\t\t\t<div class=\"elementor-widget-container\">\n\t\t\t<div class=\"title-wrapper  title-left\"><h3 class=\"title elementor-heading-title\">Olive<\/h3><\/div>\t\t<\/div>\n\t\t\t\t<\/div>\n\t\t\t\t<div class=\"elementor-element elementor-element-6dbe4e7 elementor-widget__width-initial elementor-invisible elementor-widget elementor-widget-udesign_widget_heading\" data-id=\"6dbe4e7\" data-element_type=\"widget\" data-settings=\"{&quot;_animation&quot;:&quot;fadeInLeftShorter&quot;,&quot;_animation_delay&quot;:800}\" data-widget_type=\"udesign_widget_heading.default\">\n\t\t\t\t<div class=\"elementor-widget-container\">\n\t\t\t<div class=\"title-wrapper  title-left\"><p class=\"title elementor-heading-title\">Une senteur aussi ancienne que la Terre, fa\u00e7onn\u00e9e par la terre, le temps et la m\u00e9moire.\nL\u2019olivier a toujours \u00e9t\u00e9 plus qu\u2019un arbre :\nun gardien, un t\u00e9moin, un symbole d\u2019une vie qui perdure.\nCette fragrance c\u00e9l\u00e8bre l\u2019huile dor\u00e9e, la feuille am\u00e8re, la pulpe g\u00e9n\u00e9reuse\net l\u2019ombre fra\u00eeche qui prot\u00e8ge la terre comme les hommes.<\/p><\/div>\t\t<\/div>\n\t\t\t\t<\/div>\n\t\t\t\t\t\t<\/div>\r\n\t\t\t\t<\/div>\r\n\t\t\t\t\t\t\t\t\t<div class=\" elementor-column elementor-col-50 elementor-top-column elementor-element elementor-element-9d3cc90 elementor-invisible alpha-sticky-column\" data-id=\"9d3cc90\" data-element_type=\"column\" data-settings=\"{&quot;animation&quot;:&quot;fadeIn&quot;,&quot;animation_delay&quot;:200}\">\r\n\r\n\t\t\t\t\r\n\t\t\t\t<div class=\"elementor-widget-wrap elementor-element-populated\">\r\n\t\t\t\t\t\t\t\t\t\t\r\n\t\t\t\t\t\t<div class=\"elementor-element elementor-element-ede16e3 elementor-invisible elementor-widget elementor-widget-image\" data-id=\"ede16e3\" data-element_type=\"widget\" data-settings=\"{&quot;_animation&quot;:&quot;fadeIn&quot;}\" data-widget_type=\"image.default\">\n\t\t\t\t<div class=\"elementor-widget-container\">\n\t\t\t<style>\/*! elementor - v3.23.0 - 15-07-2024 *\/\n.elementor-widget-image{text-align:center}.elementor-widget-image a{display:inline-block}.elementor-widget-image a img[src$=\".svg\"]{width:48px}.elementor-widget-image img{vertical-align:middle;display:inline-block}<\/style>\t\t\t\t\t\t\t\t\t\t<img fetchpriority=\"high\" decoding=\"async\" width=\"768\" height=\"512\" src=\"https:\/\/1001candles.com\/wp-content\/uploads\/2026\/01\/1001-CANDLES-PRODUCT-CATALOGUE-2026_page36_image-1-768x512.webp\" class=\"elementor-animation-float attachment-medium_large size-medium_large wp-image-7892\" alt=\"\" srcset=\"https:\/\/1001candles.com\/wp-content\/uploads\/2026\/01\/1001-CANDLES-PRODUCT-CATALOGUE-2026_page36_image-1-768x512.webp 768w, https:\/\/1001candles.com\/wp-content\/uploads\/2026\/01\/1001-CANDLES-PRODUCT-CATALOGUE-2026_page36_image-1-385x258.webp 385w\" sizes=\"(max-width: 768px) 100vw, 768px\" title=\"\">\t\t\t\t\t\t\t\t\t\t\t\t\t<\/div>\n\t\t\t\t<\/div>\n\t\t\t\t\t\t<\/div>\r\n\t\t\t\t<\/div>\r\n\t\t\t\t\t\t\t\t<\/div>\r\n\t\t\t<\/section>\r\n\t\t\t\t\t<\/div>\n\t\t","protected":false},"excerpt":{"rendered":"<p>Olive \u2014 Une flamme allum\u00e9e pour l&rsquo;espoir Olive est plus qu&rsquo;une bougie. Cette capsule en \u00e9dition limit\u00e9e est n\u00e9e d&rsquo;un engagement : chaque vente soutient l&rsquo;association Pyramids of Hope. Un parfum doux et v\u00e9g\u00e9tal, un geste concret. Parce que chaque flamme peut \u00e9clairer plus qu&rsquo;un int\u00e9rieur. \u00c0 travers l\u2019\u00e9ducation, l\u2019accompagnement psychosocial et la cr\u00e9ation d\u2019espaces [&hellip;]<\/p>\n","protected":false},"author":1,"featured_media":0,"parent":0,"menu_order":0,"comment_status":"closed","ping_status":"closed","template":"elementor_header_footer","meta":{"_acf_changed":false,"footnotes":""},"class_list":["post-7832","page","type-page","status-publish","hentry"],"acf":[],"_links":{"self":[{"href":"https:\/\/1001candles.com\/en\/wp-json\/wp\/v2\/pages\/7832","targetHints":{"allow":["GET"]}}],"collection":[{"href":"https:\/\/1001candles.com\/en\/wp-json\/wp\/v2\/pages"}],"about":[{"href":"https:\/\/1001candles.com\/en\/wp-json\/wp\/v2\/types\/page"}],"author":[{"embeddable":true,"href":"https:\/\/1001candles.com\/en\/wp-json\/wp\/v2\/users\/1"}],"replies":[{"embeddable":true,"href":"https:\/\/1001candles.com\/en\/wp-json\/wp\/v2\/comments?post=7832"}],"version-history":[{"count":19,"href":"https:\/\/1001candles.com\/en\/wp-json\/wp\/v2\/pages\/7832\/revisions"}],"predecessor-version":[{"id":8130,"href":"https:\/\/1001candles.com\/en\/wp-json\/wp\/v2\/pages\/7832\/revisions\/8130"}],"wp:attachment":[{"href":"https:\/\/1001candles.com\/en\/wp-json\/wp\/v2\/media?parent=7832"}],"curies":[{"name":"wp","href":"https:\/\/api.w.org\/{rel}","templated":true}]}}