{"id":5514,"date":"2024-11-16T13:42:07","date_gmt":"2024-11-16T13:42:07","guid":{"rendered":"https:\/\/1001candles.com\/?page_id=5514"},"modified":"2026-04-14T09:23:28","modified_gmt":"2026-04-14T09:23:28","slug":"services","status":"publish","type":"page","link":"https:\/\/1001candles.com\/en\/services\/","title":{"rendered":"Services"},"content":{"rendered":"\t\t<div data-elementor-type=\"wp-page\" data-elementor-id=\"5514\" class=\"elementor elementor-5514\">\n\t\t\t\t\t\t<div class=\" elementor-section elementor-top-section elementor-element elementor-element-0109cf9 elementor-section-full_width elementor-section-height-default elementor-section-height-default elementor-invisible\" data-id=\"0109cf9\" data-element_type=\"section\" data-settings=\"{&quot;animation&quot;:&quot;fadeIn&quot;,&quot;animation_delay&quot;:200,&quot;background_background&quot;:&quot;classic&quot;}\">\r\n\t\t\t\t\t\t\t\t<div class=\"elementor-container elementor-column-gap-default\">\r\n\t\t\t\t\r\n\t\t\t\t\t\t\t\t<div class=\" elementor-column elementor-col-100 elementor-top-column elementor-element elementor-element-e39e645 elementor-invisible \" data-id=\"e39e645\" data-element_type=\"column\" data-settings=\"{&quot;animation&quot;:&quot;fadeInUpShorter&quot;}\">\r\n\r\n\t\t\t\t\r\n\t\t\t\t<div class=\"elementor-widget-wrap elementor-element-populated\">\r\n\t\t\t\t\t\t\t\t\t\t\r\n\t\t\t\t\t\t<div class=\"elementor-element elementor-element-7c3fbb3 elementor-invisible elementor-widget elementor-widget-udesign_widget_heading\" data-id=\"7c3fbb3\" data-element_type=\"widget\" data-settings=\"{&quot;_animation&quot;:&quot;fadeIn&quot;,&quot;_animation_delay&quot;:200}\" data-widget_type=\"udesign_widget_heading.default\">\n\t\t\t\t<div class=\"elementor-widget-container\">\n\t\t\t<style>\/*! elementor - v3.23.0 - 15-07-2024 *\/\n.elementor-heading-title{padding:0;margin:0;line-height:1}.elementor-widget-heading .elementor-heading-title[class*=elementor-size-]>a{color:inherit;font-size:inherit;line-height:inherit}.elementor-widget-heading .elementor-heading-title.elementor-size-small{font-size:15px}.elementor-widget-heading .elementor-heading-title.elementor-size-medium{font-size:19px}.elementor-widget-heading .elementor-heading-title.elementor-size-large{font-size:29px}.elementor-widget-heading .elementor-heading-title.elementor-size-xl{font-size:39px}.elementor-widget-heading .elementor-heading-title.elementor-size-xxl{font-size:59px}<\/style><div class=\"title-wrapper  title-center\"><h1 class=\"title elementor-heading-title\"><div style=\"text-align: start;\"><span style=\"font-family: var(--alpha-heading-font-family),var(--alpha-body-font-family),sans-serif; font-size: 4rem; letter-spacing: -1.62px; text-transform: var(--alpha-heading-text-transform,var(--alpha-body-text-transform));\">Les services 1001 candles<\/span><span style=\"font-family: var(--alpha-heading-font-family),var(--alpha-body-font-family),sans-serif; font-size: 4rem; letter-spacing: -1.62px; text-transform: var(--alpha-heading-text-transform,var(--alpha-body-text-transform));\"><\/span><\/div><\/h1><\/div>\t\t<\/div>\n\t\t\t\t<\/div>\n\t\t\t\t<div class=\"elementor-element elementor-element-39e6d14 elementor-widget__width-initial elementor-widget-laptop__width-initial elementor-widget-tablet_extra__width-initial elementor-widget-tablet__width-initial elementor-invisible elementor-widget elementor-widget-udesign_widget_heading\" data-id=\"39e6d14\" data-element_type=\"widget\" data-settings=\"{&quot;_animation&quot;:&quot;fadeIn&quot;,&quot;_animation_delay&quot;:400}\" data-widget_type=\"udesign_widget_heading.default\">\n\t\t\t\t<div class=\"elementor-widget-container\">\n\t\t\t<div class=\"title-wrapper  title-center\"><p class=\"title elementor-heading-title\">Chez 1001\u202fCandles, nous proposons un service de bougies parfum\u00e9es artisanales et parfums d'int\u00e9rieurs, comprenant des bougies, huiles parfum\u00e9es \u00e0 br\u00fbler, spray personnalis\u00e9s, des cr\u00e9ations en marque blanche et des solutions enti\u00e8rement sur mesure pour particuliers et professionnels. Nous d\u00e9veloppons des fragrances exclusives et raffin\u00e9es adapt\u00e9es \u00e0 vos besoins.\n<\/p><\/div>\t\t<\/div>\n\t\t\t\t<\/div>\n\t\t\t\t\t\t<\/div>\r\n\t\t\t\t<\/div>\r\n\t\t\t\t\t\t\t\t<\/div>\r\n\t\t\t<\/div>\r\n\t\t\t\t\t<section class=\" elementor-section elementor-top-section elementor-element elementor-element-d521e25 elementor-reverse-mobile elementor-section-content-middle elementor-section-boxed elementor-section-height-default elementor-section-height-default\" data-id=\"d521e25\" data-element_type=\"section\" id=\"s1\" data-settings=\"{&quot;background_background&quot;:&quot;classic&quot;}\">\r\n\t\t\t\t\t\t\t\t<div class=\"elementor-container elementor-column-gap-default\">\r\n\t\t\t\t\r\n\t\t\t\t\t\t\t\t<div class=\" elementor-column elementor-col-50 elementor-top-column elementor-element elementor-element-2562e0c \" data-id=\"2562e0c\" data-element_type=\"column\">\r\n\r\n\t\t\t\t\r\n\t\t\t\t<div class=\"elementor-widget-wrap elementor-element-populated\">\r\n\t\t\t\t\t\t\t\t\t\t\r\n\t\t\t\t\t\t<div class=\"elementor-element elementor-element-738ca36 elementor-invisible elementor-widget elementor-widget-udesign_widget_heading\" data-id=\"738ca36\" data-element_type=\"widget\" data-settings=\"{&quot;_animation&quot;:&quot;fadeInLeftShorter&quot;,&quot;_animation_delay&quot;:600}\" data-widget_type=\"udesign_widget_heading.default\">\n\t\t\t\t<div class=\"elementor-widget-container\">\n\t\t\t<div class=\"title-wrapper  title-left\"><h3 class=\"title elementor-heading-title\">Prestation compl\u00e8te<\/h3><\/div>\t\t<\/div>\n\t\t\t\t<\/div>\n\t\t\t\t<div class=\"elementor-element elementor-element-6dbe4e7 elementor-widget__width-initial elementor-invisible elementor-widget elementor-widget-udesign_widget_heading\" data-id=\"6dbe4e7\" data-element_type=\"widget\" data-settings=\"{&quot;_animation&quot;:&quot;fadeInLeftShorter&quot;,&quot;_animation_delay&quot;:800}\" data-widget_type=\"udesign_widget_heading.default\">\n\t\t\t\t<div class=\"elementor-widget-container\">\n\t\t\t<div class=\"title-wrapper  title-left\"><p class=\"title elementor-heading-title\">De la conception \u00e0 la livraison, nous orchestrons chaque \u00e9tape avec soin, garantissant des cr\u00e9ations parfaitement adapt\u00e9es aux attentes et aux exigences de notre client\u00e8le.<\/p><\/div>\t\t<\/div>\n\t\t\t\t<\/div>\n\t\t\t\t<div class=\"elementor-element elementor-element-03b3fa0 elementor-invisible elementor-widget elementor-widget-udesign_widget_button\" data-id=\"03b3fa0\" data-element_type=\"widget\" data-settings=\"{&quot;_animation&quot;:&quot;fadeInRightShorter&quot;,&quot;_animation_delay&quot;:1200}\" data-widget_type=\"udesign_widget_button.default\">\n\t\t\t\t<div class=\"elementor-widget-container\">\n\t\t\t<a class=\"btn btn-md btn-rounded btn-primary\" href=\"https:\/\/1001candles.com\/fr\/contact-us\/\" ><span >Nous contacter<\/span><\/a>\t\t<\/div>\n\t\t\t\t<\/div>\n\t\t\t\t\t\t<\/div>\r\n\t\t\t\t<\/div>\r\n\t\t\t\t\t\t\t\t\t<div class=\" elementor-column elementor-col-50 elementor-top-column elementor-element elementor-element-9d3cc90 elementor-invisible alpha-sticky-column\" data-id=\"9d3cc90\" data-element_type=\"column\" data-settings=\"{&quot;animation&quot;:&quot;fadeIn&quot;,&quot;animation_delay&quot;:200}\">\r\n\r\n\t\t\t\t\r\n\t\t\t\t<div class=\"elementor-widget-wrap elementor-element-populated\">\r\n\t\t\t\t\t\t\t\t\t\t\r\n\t\t\t\t\t\t<div class=\"elementor-element elementor-element-ede16e3 elementor-invisible elementor-widget elementor-widget-image\" data-id=\"ede16e3\" data-element_type=\"widget\" data-settings=\"{&quot;_animation&quot;:&quot;fadeIn&quot;}\" data-widget_type=\"image.default\">\n\t\t\t\t<div class=\"elementor-widget-container\">\n\t\t\t<style>\/*! elementor - v3.23.0 - 15-07-2024 *\/\n.elementor-widget-image{text-align:center}.elementor-widget-image a{display:inline-block}.elementor-widget-image a img[src$=\".svg\"]{width:48px}.elementor-widget-image img{vertical-align:middle;display:inline-block}<\/style>\t\t\t\t\t\t\t\t\t\t<img fetchpriority=\"high\" decoding=\"async\" width=\"768\" height=\"768\" src=\"https:\/\/1001candles.com\/wp-content\/uploads\/2024\/11\/pexels-vlada-karpovich-6755859-768x768.png\" class=\"elementor-animation-float attachment-medium_large size-medium_large wp-image-5599\" alt=\"bougies - white labeling - ma\u00eetre-cirier - bougies sur-mesure\" title=\"\">\t\t\t\t\t\t\t\t\t\t\t\t\t<\/div>\n\t\t\t\t<\/div>\n\t\t\t\t\t\t<\/div>\r\n\t\t\t\t<\/div>\r\n\t\t\t\t\t\t\t\t<\/div>\r\n\t\t\t<\/section>\r\n\t\t\t\t\t<section class=\" elementor-section elementor-top-section elementor-element elementor-element-e59865b elementor-reverse-mobile elementor-section-boxed elementor-section-height-default elementor-section-height-default\" data-id=\"e59865b\" data-element_type=\"section\" id=\"s2\" data-settings=\"{&quot;background_background&quot;:&quot;classic&quot;}\">\r\n\t\t\t\t\t\t\t\t<div class=\"elementor-container elementor-column-gap-default\">\r\n\t\t\t\t\r\n\t\t\t\t\t\t\t\t<div class=\" elementor-column elementor-col-50 elementor-top-column elementor-element elementor-element-4f11d4a elementor-invisible alpha-sticky-column\" data-id=\"4f11d4a\" data-element_type=\"column\" data-settings=\"{&quot;animation&quot;:&quot;fadeIn&quot;,&quot;animation_delay&quot;:200}\">\r\n\r\n\t\t\t\t\r\n\t\t\t\t<div class=\"elementor-widget-wrap elementor-element-populated\">\r\n\t\t\t\t\t\t\t\t\t\t\r\n\t\t\t\t\t\t<div class=\"elementor-element elementor-element-514792c elementor-invisible elementor-widget elementor-widget-image\" data-id=\"514792c\" data-element_type=\"widget\" data-settings=\"{&quot;_animation&quot;:&quot;fadeIn&quot;}\" data-widget_type=\"image.default\">\n\t\t\t\t<div class=\"elementor-widget-container\">\n\t\t\t\t\t\t\t\t\t\t\t\t\t<img decoding=\"async\" width=\"768\" height=\"768\" src=\"https:\/\/1001candles.com\/wp-content\/uploads\/2024\/11\/pexels-anna-belousova-130658517-10991425-768x768.png\" class=\"elementor-animation-float attachment-medium_large size-medium_large wp-image-5598\" alt=\"creation de bougie - bougies personnalis\u00e9es - marque blanche\" title=\"\">\t\t\t\t\t\t\t\t\t\t\t\t\t<\/div>\n\t\t\t\t<\/div>\n\t\t\t\t\t\t<\/div>\r\n\t\t\t\t<\/div>\r\n\t\t\t\t\t\t\t\t\t<div class=\" elementor-column elementor-col-50 elementor-top-column elementor-element elementor-element-2bf6592 \" data-id=\"2bf6592\" data-element_type=\"column\">\r\n\r\n\t\t\t\t\r\n\t\t\t\t<div class=\"elementor-widget-wrap elementor-element-populated\">\r\n\t\t\t\t\t\t\t\t\t\t\r\n\t\t\t\t\t\t<div class=\"elementor-element elementor-element-6254538 elementor-widget-mobile__width-initial elementor-invisible elementor-widget elementor-widget-udesign_widget_heading\" data-id=\"6254538\" data-element_type=\"widget\" data-settings=\"{&quot;_animation&quot;:&quot;fadeInLeftShorter&quot;,&quot;_animation_delay&quot;:600}\" data-widget_type=\"udesign_widget_heading.default\">\n\t\t\t\t<div class=\"elementor-widget-container\">\n\t\t\t<div class=\"title-wrapper  title-left\"><h3 class=\"title elementor-heading-title\">Sur Mesure<\/h3><\/div>\t\t<\/div>\n\t\t\t\t<\/div>\n\t\t\t\t<div class=\"elementor-element elementor-element-7c9e446 elementor-widget__width-initial elementor-invisible elementor-widget elementor-widget-udesign_widget_heading\" data-id=\"7c9e446\" data-element_type=\"widget\" data-settings=\"{&quot;_animation&quot;:&quot;fadeInLeftShorter&quot;,&quot;_animation_delay&quot;:800}\" data-widget_type=\"udesign_widget_heading.default\">\n\t\t\t\t<div class=\"elementor-widget-container\">\n\t\t\t<div class=\"title-wrapper  title-left\"><p class=\"title elementor-heading-title\">Nous collaborons \u00e9troitement avec nos clients pour \u00e9laborer des pi\u00e8ces sur mesure, respectant leurs cahiers des charges tout en sublimant leur identit\u00e9. <br><br><\/p><\/div>\t\t<\/div>\n\t\t\t\t<\/div>\n\t\t\t\t<div class=\"elementor-element elementor-element-1234fff elementor-invisible elementor-widget elementor-widget-udesign_widget_button\" data-id=\"1234fff\" data-element_type=\"widget\" data-settings=\"{&quot;_animation&quot;:&quot;fadeInRightShorter&quot;,&quot;_animation_delay&quot;:1200}\" data-widget_type=\"udesign_widget_button.default\">\n\t\t\t\t<div class=\"elementor-widget-container\">\n\t\t\t<a class=\"btn btn-md btn-rounded btn-primary\" href=\"https:\/\/1001candles.com\/fr\/creation-sur-mesure\/\" ><span >En savoir plus<\/span><\/a>\t\t<\/div>\n\t\t\t\t<\/div>\n\t\t\t\t\t\t<\/div>\r\n\t\t\t\t<\/div>\r\n\t\t\t\t\t\t\t\t<\/div>\r\n\t\t\t<\/section>\r\n\t\t\t\t\t<section class=\" elementor-section elementor-top-section elementor-element elementor-element-4d91d9e elementor-reverse-mobile elementor-section-boxed elementor-section-height-default elementor-section-height-default\" data-id=\"4d91d9e\" data-element_type=\"section\" id=\"s3\" data-settings=\"{&quot;background_background&quot;:&quot;classic&quot;}\">\r\n\t\t\t\t\t\t\t\t<div class=\"elementor-container elementor-column-gap-default\">\r\n\t\t\t\t\r\n\t\t\t\t\t\t\t\t<div class=\" elementor-column elementor-col-50 elementor-top-column elementor-element elementor-element-1dac3d7 \" data-id=\"1dac3d7\" data-element_type=\"column\">\r\n\r\n\t\t\t\t\r\n\t\t\t\t<div class=\"elementor-widget-wrap elementor-element-populated\">\r\n\t\t\t\t\t\t\t\t\t\t\r\n\t\t\t\t\t\t<div class=\"elementor-element elementor-element-fb06955 elementor-invisible elementor-widget elementor-widget-udesign_widget_heading\" data-id=\"fb06955\" data-element_type=\"widget\" data-settings=\"{&quot;_animation&quot;:&quot;fadeInLeftShorter&quot;,&quot;_animation_delay&quot;:600}\" data-widget_type=\"udesign_widget_heading.default\">\n\t\t\t\t<div class=\"elementor-widget-container\">\n\t\t\t<div class=\"title-wrapper  title-left\"><h3 class=\"title elementor-heading-title\">\u00c0 La Carte<\/h3><\/div>\t\t<\/div>\n\t\t\t\t<\/div>\n\t\t\t\t<div class=\"elementor-element elementor-element-5d5ec77 elementor-widget__width-initial elementor-invisible elementor-widget elementor-widget-udesign_widget_heading\" data-id=\"5d5ec77\" data-element_type=\"widget\" data-settings=\"{&quot;_animation&quot;:&quot;fadeInLeftShorter&quot;,&quot;_animation_delay&quot;:800}\" data-widget_type=\"udesign_widget_heading.default\">\n\t\t\t\t<div class=\"elementor-widget-container\">\n\t\t\t<div class=\"title-wrapper  title-left\"><p class=\"title elementor-heading-title\">Plongez dans notre univers olfactif, choisissez la senteur qui vous inspire, personnalisez les d\u00e9tails, et laissez-nous g\u00e9rer le reste.\u200b<\/p><\/div>\t\t<\/div>\n\t\t\t\t<\/div>\n\t\t\t\t<div class=\"elementor-element elementor-element-e06d6a7 elementor-invisible elementor-widget elementor-widget-udesign_widget_button\" data-id=\"e06d6a7\" data-element_type=\"widget\" data-settings=\"{&quot;_animation&quot;:&quot;fadeInRightShorter&quot;,&quot;_animation_delay&quot;:1200}\" data-widget_type=\"udesign_widget_button.default\">\n\t\t\t\t<div class=\"elementor-widget-container\">\n\t\t\t<a class=\"btn btn-md btn-rounded btn-primary\" href=\"https:\/\/1001candles.com\/wp-content\/uploads\/2026\/01\/Catalogue-1001-Candles-2026.pdf\" ><span >Explorer le catalogue<\/span><\/a>\t\t<\/div>\n\t\t\t\t<\/div>\n\t\t\t\t\t\t<\/div>\r\n\t\t\t\t<\/div>\r\n\t\t\t\t\t\t\t\t\t<div class=\" elementor-column elementor-col-50 elementor-top-column elementor-element elementor-element-f553daa elementor-invisible alpha-sticky-column\" data-id=\"f553daa\" data-element_type=\"column\" data-settings=\"{&quot;animation&quot;:&quot;fadeIn&quot;,&quot;animation_delay&quot;:200}\">\r\n\r\n\t\t\t\t\r\n\t\t\t\t<div class=\"elementor-widget-wrap elementor-element-populated\">\r\n\t\t\t\t\t\t\t\t\t\t\r\n\t\t\t\t\t\t<div class=\"elementor-element elementor-element-75644fb elementor-invisible elementor-widget elementor-widget-image\" data-id=\"75644fb\" data-element_type=\"widget\" data-settings=\"{&quot;_animation&quot;:&quot;fadeIn&quot;}\" data-widget_type=\"image.default\">\n\t\t\t\t<div class=\"elementor-widget-container\">\n\t\t\t\t\t\t\t\t\t\t\t\t\t<img decoding=\"async\" width=\"2560\" height=\"2560\" src=\"https:\/\/1001candles.com\/wp-content\/uploads\/2024\/12\/luma-candles-K1Xi_R_mfpk-cadre-scaled.jpg\" class=\"elementor-animation-float attachment-full size-full wp-image-7657\" alt=\"gammes bougies - 1001 candles - white labeling\" srcset=\"https:\/\/1001candles.com\/wp-content\/uploads\/2024\/12\/luma-candles-K1Xi_R_mfpk-cadre-scaled.jpg 2560w, https:\/\/1001candles.com\/wp-content\/uploads\/2024\/12\/luma-candles-K1Xi_R_mfpk-cadre-1024x1024.jpg 1024w, https:\/\/1001candles.com\/wp-content\/uploads\/2024\/12\/luma-candles-K1Xi_R_mfpk-cadre-768x768.jpg 768w, https:\/\/1001candles.com\/wp-content\/uploads\/2024\/12\/luma-candles-K1Xi_R_mfpk-cadre-1536x1536.jpg 1536w, https:\/\/1001candles.com\/wp-content\/uploads\/2024\/12\/luma-candles-K1Xi_R_mfpk-cadre-2048x2048.jpg 2048w\" sizes=\"(max-width: 2560px) 100vw, 2560px\" title=\"\">\t\t\t\t\t\t\t\t\t\t\t\t\t<\/div>\n\t\t\t\t<\/div>\n\t\t\t\t\t\t<\/div>\r\n\t\t\t\t<\/div>\r\n\t\t\t\t\t\t\t\t<\/div>\r\n\t\t\t<\/section>\r\n\t\t\t\t\t<section class=\" elementor-section elementor-top-section elementor-element elementor-element-c667060 elementor-reverse-mobile elementor-section-boxed elementor-section-height-default elementor-section-height-default\" data-id=\"c667060\" data-element_type=\"section\" id=\"s4\" data-settings=\"{&quot;background_background&quot;:&quot;classic&quot;}\">\r\n\t\t\t\t\t\t\t\t<div class=\"elementor-container elementor-column-gap-default\">\r\n\t\t\t\t\r\n\t\t\t\t\t\t\t\t<div class=\" elementor-column elementor-col-50 elementor-top-column elementor-element elementor-element-4ca3d53 elementor-invisible alpha-sticky-column\" data-id=\"4ca3d53\" data-element_type=\"column\" data-settings=\"{&quot;animation&quot;:&quot;fadeIn&quot;,&quot;animation_delay&quot;:200}\">\r\n\r\n\t\t\t\t\r\n\t\t\t\t<div class=\"elementor-widget-wrap elementor-element-populated\">\r\n\t\t\t\t\t\t\t\t\t\t\r\n\t\t\t\t\t\t<div class=\"elementor-element elementor-element-057eb71 elementor-invisible elementor-widget elementor-widget-image\" data-id=\"057eb71\" data-element_type=\"widget\" data-settings=\"{&quot;_animation&quot;:&quot;fadeIn&quot;}\" data-widget_type=\"image.default\">\n\t\t\t\t<div class=\"elementor-widget-container\">\n\t\t\t\t\t\t\t\t\t\t\t\t\t<img loading=\"lazy\" decoding=\"async\" width=\"768\" height=\"768\" src=\"https:\/\/1001candles.com\/wp-content\/uploads\/2024\/11\/Collection_Image_-_Kits-1-768x768.webp\" class=\"elementor-animation-float attachment-medium_large size-medium_large wp-image-5601\" alt=\"maitre-cirier - maroc - creation bougie - bougie sur-mesure\" title=\"\">\t\t\t\t\t\t\t\t\t\t\t\t\t<\/div>\n\t\t\t\t<\/div>\n\t\t\t\t\t\t<\/div>\r\n\t\t\t\t<\/div>\r\n\t\t\t\t\t\t\t\t\t<div class=\" elementor-column elementor-col-50 elementor-top-column elementor-element elementor-element-2d04dec \" data-id=\"2d04dec\" data-element_type=\"column\">\r\n\r\n\t\t\t\t\r\n\t\t\t\t<div class=\"elementor-widget-wrap elementor-element-populated\">\r\n\t\t\t\t\t\t\t\t\t\t\r\n\t\t\t\t\t\t<div class=\"elementor-element elementor-element-8b3b674 elementor-invisible elementor-widget elementor-widget-udesign_widget_heading\" data-id=\"8b3b674\" data-element_type=\"widget\" data-settings=\"{&quot;_animation&quot;:&quot;fadeInLeftShorter&quot;,&quot;_animation_delay&quot;:600}\" data-widget_type=\"udesign_widget_heading.default\">\n\t\t\t\t<div class=\"elementor-widget-container\">\n\t\t\t<div class=\"title-wrapper  title-left\"><h3 class=\"title elementor-heading-title\">Recherche et D\u00e9veloppement<\/h3><\/div>\t\t<\/div>\n\t\t\t\t<\/div>\n\t\t\t\t<div class=\"elementor-element elementor-element-9c0be87 elementor-widget__width-initial elementor-invisible elementor-widget elementor-widget-udesign_widget_heading\" data-id=\"9c0be87\" data-element_type=\"widget\" data-settings=\"{&quot;_animation&quot;:&quot;fadeInLeftShorter&quot;,&quot;_animation_delay&quot;:800}\" data-widget_type=\"udesign_widget_heading.default\">\n\t\t\t\t<div class=\"elementor-widget-container\">\n\t\t\t<div class=\"title-wrapper  title-left\"><p class=\"title elementor-heading-title\">Nos ma\u00eetres parfumeurs et ciriers unissent leurs talents pour cr\u00e9er des fragrances exclusives, offrant une diffusion olfactive raffin\u00e9e et durable.<\/p><\/div>\t\t<\/div>\n\t\t\t\t<\/div>\n\t\t\t\t\t\t<\/div>\r\n\t\t\t\t<\/div>\r\n\t\t\t\t\t\t\t\t<\/div>\r\n\t\t\t<\/section>\r\n\t\t\t\t\t<\/div>\n\t\t","protected":false},"excerpt":{"rendered":"<p>Les services 1001 candles Chez 1001\u202fCandles, nous proposons un service de bougies parfum\u00e9es artisanales et parfums d&rsquo;int\u00e9rieurs, comprenant des bougies, huiles parfum\u00e9es \u00e0 br\u00fbler, spray personnalis\u00e9s, des cr\u00e9ations en marque blanche et des solutions enti\u00e8rement sur mesure pour particuliers et professionnels. Nous d\u00e9veloppons des fragrances exclusives et raffin\u00e9es adapt\u00e9es \u00e0 vos besoins. Prestation compl\u00e8te De [&hellip;]<\/p>\n","protected":false},"author":1,"featured_media":0,"parent":0,"menu_order":0,"comment_status":"closed","ping_status":"closed","template":"elementor_header_footer","meta":{"_acf_changed":false,"footnotes":""},"class_list":["post-5514","page","type-page","status-publish","hentry"],"acf":[],"_links":{"self":[{"href":"https:\/\/1001candles.com\/en\/wp-json\/wp\/v2\/pages\/5514","targetHints":{"allow":["GET"]}}],"collection":[{"href":"https:\/\/1001candles.com\/en\/wp-json\/wp\/v2\/pages"}],"about":[{"href":"https:\/\/1001candles.com\/en\/wp-json\/wp\/v2\/types\/page"}],"author":[{"embeddable":true,"href":"https:\/\/1001candles.com\/en\/wp-json\/wp\/v2\/users\/1"}],"replies":[{"embeddable":true,"href":"https:\/\/1001candles.com\/en\/wp-json\/wp\/v2\/comments?post=5514"}],"version-history":[{"count":222,"href":"https:\/\/1001candles.com\/en\/wp-json\/wp\/v2\/pages\/5514\/revisions"}],"predecessor-version":[{"id":8476,"href":"https:\/\/1001candles.com\/en\/wp-json\/wp\/v2\/pages\/5514\/revisions\/8476"}],"wp:attachment":[{"href":"https:\/\/1001candles.com\/en\/wp-json\/wp\/v2\/media?parent=5514"}],"curies":[{"name":"wp","href":"https:\/\/api.w.org\/{rel}","templated":true}]}}