{"id":1888,"date":"2023-01-15T00:01:12","date_gmt":"2023-01-15T00:01:12","guid":{"rendered":"https:\/\/d-themes.com\/wordpress\/udesign\/dummy\/business-consulting-3\/?page_id=1888"},"modified":"2025-06-05T13:13:51","modified_gmt":"2025-06-05T13:13:51","slug":"contact-us","status":"publish","type":"page","link":"https:\/\/1001candles.com\/en\/contact-us\/","title":{"rendered":"Contact us"},"content":{"rendered":"\t\t<div data-elementor-type=\"wp-page\" data-elementor-id=\"1888\" class=\"elementor elementor-1888\">\n\t\t\t\t\t\t\t<div class=\" elementor-element elementor-element-51facbc e-flex e-con-boxed e-con e-parent\" data-id=\"51facbc\" data-element_type=\"container\">\r\n\t\t\t\t\t\t\t<div class=\"e-con-inner\">\r\n\t\t\t\t\t\t<div class=\"elementor-element elementor-element-0a24043 elementor-widget elementor-widget-heading\" data-id=\"0a24043\" data-element_type=\"widget\" data-widget_type=\"heading.default\">\n\t\t\t\t<div class=\"elementor-widget-container\">\n\t\t\t<style>\/*! elementor - v3.23.0 - 15-07-2024 *\/\n.elementor-heading-title{padding:0;margin:0;line-height:1}.elementor-widget-heading .elementor-heading-title[class*=elementor-size-]>a{color:inherit;font-size:inherit;line-height:inherit}.elementor-widget-heading .elementor-heading-title.elementor-size-small{font-size:15px}.elementor-widget-heading .elementor-heading-title.elementor-size-medium{font-size:19px}.elementor-widget-heading .elementor-heading-title.elementor-size-large{font-size:29px}.elementor-widget-heading .elementor-heading-title.elementor-size-xl{font-size:39px}.elementor-widget-heading .elementor-heading-title.elementor-size-xxl{font-size:59px}<\/style><h2 class=\"elementor-heading-title elementor-size-default\"><h2 class=\"d-none\">Contact<\/h2><\/h2>\t\t<\/div>\n\t\t\t\t<\/div>\n\t\t\t\t\t\t<\/div>\r\n\t\t\t\t\r\n\t\t\t<\/div>\r\n\t\t\t\t\t<div class=\" elementor-section elementor-top-section elementor-element elementor-element-c12ec27 elementor-section-boxed elementor-section-height-default elementor-section-height-default elementor-invisible\" data-id=\"c12ec27\" data-element_type=\"section\" data-settings=\"{&quot;animation&quot;:&quot;fadeIn&quot;,&quot;animation_delay&quot;:200,&quot;background_background&quot;:&quot;classic&quot;}\">\r\n\t\t\t\t\t\t\t\t<div class=\"elementor-container elementor-column-gap-default\">\r\n\t\t\t\t\r\n\t\t\t\t\t\t\t\t<div class=\" elementor-column elementor-col-100 elementor-top-column elementor-element elementor-element-b9b77da elementor-invisible \" data-id=\"b9b77da\" data-element_type=\"column\" data-settings=\"{&quot;animation&quot;:&quot;fadeInUpShorter&quot;}\">\r\n\r\n\t\t\t\t\r\n\t\t\t\t<div class=\"elementor-widget-wrap elementor-element-populated\">\r\n\t\t\t\t\t\t\t\t\t\t\r\n\t\t\t\t\t\t<div class=\"elementor-element elementor-element-1e15232 elementor-widget__width-inherit elementor-widget-laptop__width-initial elementor-widget-tablet_extra__width-initial elementor-widget-tablet__width-initial elementor-invisible elementor-widget elementor-widget-udesign_widget_heading\" data-id=\"1e15232\" data-element_type=\"widget\" data-settings=\"{&quot;_animation&quot;:&quot;fadeIn&quot;,&quot;_animation_delay&quot;:400}\" data-widget_type=\"udesign_widget_heading.default\">\n\t\t\t\t<div class=\"elementor-widget-container\">\n\t\t\t<style>\/*! elementor - v3.23.0 - 15-07-2024 *\/\n.elementor-heading-title{padding:0;margin:0;line-height:1}.elementor-widget-heading .elementor-heading-title[class*=elementor-size-]>a{color:inherit;font-size:inherit;line-height:inherit}.elementor-widget-heading .elementor-heading-title.elementor-size-small{font-size:15px}.elementor-widget-heading .elementor-heading-title.elementor-size-medium{font-size:19px}.elementor-widget-heading .elementor-heading-title.elementor-size-large{font-size:29px}.elementor-widget-heading .elementor-heading-title.elementor-size-xl{font-size:39px}.elementor-widget-heading .elementor-heading-title.elementor-size-xxl{font-size:59px}<\/style><div class=\"title-wrapper  title-left\"><p class=\"title elementor-heading-title\">Vous avez une question, un projet ou une id\u00e9e \u00e0 partager ? <br>\nNotre \u00e9quipe est \u00e0 votre \u00e9coute pour vous accompagner et r\u00e9pondre \u00e0 toutes vos demandes.<br>Ou remplissez directement notre formulaire de contact en ligne, et nous reviendrons vers vous dans les plus brefs d\u00e9lais. Ensemble, donnons vie \u00e0 vos inspirations.<\/p><\/div>\t\t<\/div>\n\t\t\t\t<\/div>\n\t\t\t\t<section class=\" elementor-section elementor-inner-section elementor-element elementor-element-a679d36 elementor-section-content-space-evenly elementor-section-boxed elementor-section-height-default elementor-section-height-default\" data-id=\"a679d36\" data-element_type=\"section\">\r\n\t\t\t\t\t\t\t\t<div class=\"elementor-container elementor-column-gap-default\">\r\n\t\t\t\t\r\n\t\t\t\t\t\t\t\t<div class=\" elementor-column elementor-col-50 elementor-inner-column elementor-element elementor-element-d58f192 \" data-id=\"d58f192\" data-element_type=\"column\">\r\n\r\n\t\t\t\t\r\n\t\t\t\t<div class=\"elementor-widget-wrap elementor-element-populated\">\r\n\t\t\t\t\t\t\t\t\t\t\r\n\t\t\t\t\t\t<div class=\"elementor-element elementor-element-b0fda93 elementor-widget-tablet__width-initial elementor-widget elementor-widget-text-editor\" data-id=\"b0fda93\" data-element_type=\"widget\" data-widget_type=\"text-editor.default\">\n\t\t\t\t<div class=\"elementor-widget-container\">\n\t\t\t<style>\/*! elementor - v3.23.0 - 15-07-2024 *\/\n.elementor-widget-text-editor.elementor-drop-cap-view-stacked .elementor-drop-cap{background-color:#69727d;color:#fff}.elementor-widget-text-editor.elementor-drop-cap-view-framed .elementor-drop-cap{color:#69727d;border:3px solid;background-color:transparent}.elementor-widget-text-editor:not(.elementor-drop-cap-view-default) .elementor-drop-cap{margin-top:8px}.elementor-widget-text-editor:not(.elementor-drop-cap-view-default) .elementor-drop-cap-letter{width:1em;height:1em}.elementor-widget-text-editor .elementor-drop-cap{float:left;text-align:center;line-height:1;font-size:50px}.elementor-widget-text-editor .elementor-drop-cap-letter{display:inline-block}<\/style>\t\t\t\t<p><iframe style=\"border: 0;\" src=\"https:\/\/www.google.com\/maps\/embed?pb=!1m14!1m8!1m3!1d13288.426675286659!2d-7.507452730535642!3d33.628476114059445!3m2!1i1024!2i768!4f13.1!3m3!1m2!1s0xda7cb4d537bb413%3A0x4052e7f77bd94199!2s1001%20Candles!5e0!3m2!1sfr!2sma!4v1732901009406!5m2!1sfr!2sma\" width=\"600\" height=\"450\" allowfullscreen=\"allowfullscreen\"><span data-mce-type=\"bookmark\" style=\"display: inline-block; width: 0px; overflow: hidden; line-height: 0;\" class=\"mce_SELRES_start\">\ufeff<\/span><\/iframe><\/p>\t\t\t\t\t\t<\/div>\n\t\t\t\t<\/div>\n\t\t\t\t\t\t<\/div>\r\n\t\t\t\t<\/div>\r\n\t\t\t\t\t\t\t\t\t<div class=\" elementor-column elementor-col-50 elementor-inner-column elementor-element elementor-element-1016194 \" data-id=\"1016194\" data-element_type=\"column\">\r\n\r\n\t\t\t\t\r\n\t\t\t\t<div class=\"elementor-widget-wrap elementor-element-populated\">\r\n\t\t\t\t\t\t\t\t\t\t\r\n\t\t\t\t\t\t<div class=\"elementor-element elementor-element-390b6fa custom-icon-box elementor-widget elementor-widget-udesign_widget_iconbox\" data-id=\"390b6fa\" data-element_type=\"widget\" data-widget_type=\"udesign_widget_iconbox.default\">\n\t\t\t\t<div class=\"elementor-widget-container\">\n\t\t\t<div class=\"icon-box icon-box-side position-left icon-stacked shape-circle float\"><div class=\"icon-box-feature\"><i class=\"  u-icon-map-marker4\"><\/i><\/div><div class=\"icon-box-content\"><h2 class=\"icon-box-title\">Nous rendre visite<\/h2><p class=\"icon-box-desc\">Bd Aicha Ben Haimoud, Quartier Industriel Est, Sidi Bernoussi, Casablanca.<\/p><\/div><\/div>\t\t<\/div>\n\t\t\t\t<\/div>\n\t\t\t\t<div class=\"elementor-element elementor-element-7d8e5e6 custom-icon-box elementor-widget elementor-widget-udesign_widget_iconbox\" data-id=\"7d8e5e6\" data-element_type=\"widget\" data-widget_type=\"udesign_widget_iconbox.default\">\n\t\t\t\t<div class=\"elementor-widget-container\">\n\t\t\t<div class=\"icon-box icon-box-side position-left icon-stacked shape-circle float\"><a class=\"link\" href=\"tel:+212690997818\" ><\/a><div class=\"icon-box-feature\"><i class=\"  u-icon-phone2\"><\/i><\/div><div class=\"icon-box-content\"><h2 class=\"icon-box-title\"><a class=\"link\" href=\"tel:+212690997818\" >Par t\u00e9l\u00e9phone<\/a><\/h2><p class=\"icon-box-desc\">+212 6 90 99 78 18<\/p><\/div><\/div>\t\t<\/div>\n\t\t\t\t<\/div>\n\t\t\t\t<div class=\"elementor-element elementor-element-616df9a custom-icon-box elementor-widget elementor-widget-udesign_widget_iconbox\" data-id=\"616df9a\" data-element_type=\"widget\" data-widget_type=\"udesign_widget_iconbox.default\">\n\t\t\t\t<div class=\"elementor-widget-container\">\n\t\t\t<div class=\"icon-box icon-box-side position-left icon-stacked shape-circle float\"><a class=\"link\" href=\"mailto:mounia.benyakhlef@1001candles.com\" ><\/a><div class=\"icon-box-feature\"><i class=\"  u-icon-envelop3\"><\/i><\/div><div class=\"icon-box-content\"><h2 class=\"icon-box-title\"><a class=\"link\" href=\"mailto:mounia.benyakhlef@1001candles.com\" >Par email<\/a><\/h2><p class=\"icon-box-desc\">mounia.benyakhlef@1001candles.com<\/p><\/div><\/div>\t\t<\/div>\n\t\t\t\t<\/div>\n\t\t\t\t\t\t<\/div>\r\n\t\t\t\t<\/div>\r\n\t\t\t\t\t\t\t\t<\/div>\r\n\t\t\t<\/section>\r\n\t\t\t\t\t\t\t<\/div>\r\n\t\t\t\t<\/div>\r\n\t\t\t\t\t\t\t\t<\/div>\r\n\t\t\t<\/div>\r\n\t\t\t\t\t\t<div class=\" elementor-element elementor-element-dcf858a e-flex e-con-boxed elementor-invisible e-con e-parent\" data-id=\"dcf858a\" data-element_type=\"container\" data-settings=\"{&quot;animation&quot;:&quot;fadeIn&quot;,&quot;animation_delay&quot;:200}\">\r\n\t\t\t\t\t\t\t<div class=\"e-con-inner\">\r\n\t\t\t\t\t\t\t<div class=\" elementor-element elementor-element-f600078 e-con-full e-flex e-con e-child\" data-id=\"f600078\" data-element_type=\"container\">\r\n\t\t\t\t\t<div class=\"elementor-element elementor-element-f07d55b elementor-invisible elementor-widget elementor-widget-wpforms\" data-id=\"f07d55b\" data-element_type=\"widget\" data-settings=\"{&quot;_animation&quot;:&quot;fadeInUpShorter&quot;,&quot;_animation_delay&quot;:800}\" data-widget_type=\"wpforms.default\">\n\t\t\t\t<div class=\"elementor-widget-container\">\n\t\t\t<div class=\"wpforms-container wpforms-container-full wpforms-error-fixed\" id=\"wpforms-2473\"><form id=\"wpforms-form-2473\" class=\"wpforms-validate wpforms-form\" data-formid=\"2473\" method=\"post\" enctype=\"multipart\/form-data\" action=\"\/en\/wp-json\/wp\/v2\/pages\/1888\" data-token=\"df5ee8cbceca89e8ac763f7efad91aa3\" data-token-time=\"1776450062\"><noscript class=\"wpforms-error-noscript\">Please enable JavaScript in your browser to complete this form.<\/noscript><div class=\"wpforms-field-container\"><div id=\"wpforms-2473-field_1-container\" class=\"wpforms-field wpforms-field-name pb-2\" data-field-id=\"1\"><label class=\"wpforms-field-label wpforms-label-hide\" for=\"wpforms-2473-field_1\">Nom <span class=\"wpforms-required-label\">*<\/span><\/label><input type=\"text\" id=\"wpforms-2473-field_1\" class=\"wpforms-field-large wpforms-field-required\" name=\"wpforms[fields][1]\" placeholder=\"Votre Nom\" required><\/div><div id=\"wpforms-2473-field_2-container\" class=\"wpforms-field wpforms-field-email pb-2\" data-field-id=\"2\"><label class=\"wpforms-field-label wpforms-label-hide\" for=\"wpforms-2473-field_2\">Email <span class=\"wpforms-required-label\">*<\/span><\/label><input type=\"email\" id=\"wpforms-2473-field_2\" class=\"wpforms-field-large wpforms-field-required\" name=\"wpforms[fields][2]\" placeholder=\"Votre adresse e-mail\" spellcheck=\"false\" required><\/div><div id=\"wpforms-2473-field_3-container\" class=\"wpforms-field wpforms-field-number pb-2\" data-field-id=\"3\"><label class=\"wpforms-field-label wpforms-label-hide\" for=\"wpforms-2473-field_3\">Num\u00e9ro de t\u00e9l\u00e9phone <span class=\"wpforms-required-label\">*<\/span><\/label><input type=\"number\" id=\"wpforms-2473-field_3\" class=\"wpforms-field-large wpforms-field-required\" name=\"wpforms[fields][3]\" placeholder=\"Votre num\u00e9ro de t\u00e9l\u00e9phone\" required><\/div><div id=\"wpforms-2473-field_5-container\" class=\"wpforms-field wpforms-field-textarea\" data-field-id=\"5\"><label class=\"wpforms-field-label wpforms-label-hide\" for=\"wpforms-2473-field_5\">Message<\/label><textarea id=\"wpforms-2473-field_5\" class=\"wpforms-field-medium\" name=\"wpforms[fields][5]\" placeholder=\"Entrez votre message\" ><\/textarea><\/div><\/div><!-- .wpforms-field-container --><div class=\"wpforms-submit-container\" ><input type=\"hidden\" name=\"wpforms[id]\" value=\"2473\"><input type=\"hidden\" name=\"page_title\" value=\"\"><input type=\"hidden\" name=\"page_url\" value=\"https:\/\/1001candles.com\/en\/wp-json\/wp\/v2\/pages\/1888\"><button type=\"submit\" name=\"wpforms[submit]\" id=\"wpforms-submit-2473\" class=\"wpforms-submit w-100 wpforms-submit-icon\" data-alt-text=\"Envoi...\" data-submit-text=\"Envoyer un message\" aria-live=\"assertive\" value=\"wpforms-submit\">Envoyer un message<\/button><\/div><\/form><\/div>  <!-- .wpforms-container -->\t\t<\/div>\n\t\t\t\t<\/div>\n\t\t\r\n\t\t\t<\/div>\r\n\t\t\t\t\t\t\t<\/div>\r\n\t\t\t\t\r\n\t\t\t<\/div>\r\n\t\t\t\t\t<\/div>\n\t\t","protected":false},"excerpt":{"rendered":"<p>Contact Vous avez une question, un projet ou une id\u00e9e \u00e0 partager ? Notre \u00e9quipe est \u00e0 votre \u00e9coute pour vous accompagner et r\u00e9pondre \u00e0 toutes vos demandes.Ou remplissez directement notre formulaire de contact en ligne, et nous reviendrons vers vous dans les plus brefs d\u00e9lais. Ensemble, donnons vie \u00e0 vos inspirations. \ufeff Nous rendre [&hellip;]<\/p>\n","protected":false},"author":1,"featured_media":0,"parent":0,"menu_order":0,"comment_status":"closed","ping_status":"closed","template":"elementor_header_footer","meta":{"_acf_changed":false,"footnotes":""},"class_list":["post-1888","page","type-page","status-publish","hentry"],"acf":[],"_links":{"self":[{"href":"https:\/\/1001candles.com\/en\/wp-json\/wp\/v2\/pages\/1888","targetHints":{"allow":["GET"]}}],"collection":[{"href":"https:\/\/1001candles.com\/en\/wp-json\/wp\/v2\/pages"}],"about":[{"href":"https:\/\/1001candles.com\/en\/wp-json\/wp\/v2\/types\/page"}],"author":[{"embeddable":true,"href":"https:\/\/1001candles.com\/en\/wp-json\/wp\/v2\/users\/1"}],"replies":[{"embeddable":true,"href":"https:\/\/1001candles.com\/en\/wp-json\/wp\/v2\/comments?post=1888"}],"version-history":[{"count":176,"href":"https:\/\/1001candles.com\/en\/wp-json\/wp\/v2\/pages\/1888\/revisions"}],"predecessor-version":[{"id":7780,"href":"https:\/\/1001candles.com\/en\/wp-json\/wp\/v2\/pages\/1888\/revisions\/7780"}],"wp:attachment":[{"href":"https:\/\/1001candles.com\/en\/wp-json\/wp\/v2\/media?parent=1888"}],"curies":[{"name":"wp","href":"https:\/\/api.w.org\/{rel}","templated":true}]}}