{"id":1865,"date":"2023-01-14T23:49:05","date_gmt":"2023-01-14T23:49:05","guid":{"rendered":"https:\/\/d-themes.com\/wordpress\/udesign\/dummy\/business-consulting-3\/?page_id=1865"},"modified":"2026-04-14T09:48:13","modified_gmt":"2026-04-14T09:48:13","slug":"creation-sur-mesure","status":"publish","type":"page","link":"https:\/\/1001candles.com\/en\/creation-sur-mesure\/","title":{"rendered":"Savoir-Faire"},"content":{"rendered":"\t\t<div data-elementor-type=\"wp-page\" data-elementor-id=\"1865\" class=\"elementor elementor-1865\">\n\t\t\t\t\t\t\t<div class=\" elementor-element elementor-element-8dc98d2 e-flex e-con-boxed e-con e-parent\" data-id=\"8dc98d2\" data-element_type=\"container\">\r\n\t\t\t\t\t\t\t<div class=\"e-con-inner\">\r\n\t\t\t\t\t\t<div class=\"elementor-element elementor-element-b85a2d1 elementor-widget-mobile__width-auto elementor-widget-tablet_extra__width-initial elementor-invisible elementor-widget elementor-widget-udesign_widget_heading\" data-id=\"b85a2d1\" data-element_type=\"widget\" data-settings=\"{&quot;_animation&quot;:&quot;fadeInRightShorter&quot;,&quot;_animation_delay&quot;:600}\" data-widget_type=\"udesign_widget_heading.default\">\n\t\t\t\t<div class=\"elementor-widget-container\">\n\t\t\t<style>\/*! elementor - v3.23.0 - 15-07-2024 *\/\n.elementor-heading-title{padding:0;margin:0;line-height:1}.elementor-widget-heading .elementor-heading-title[class*=elementor-size-]>a{color:inherit;font-size:inherit;line-height:inherit}.elementor-widget-heading .elementor-heading-title.elementor-size-small{font-size:15px}.elementor-widget-heading .elementor-heading-title.elementor-size-medium{font-size:19px}.elementor-widget-heading .elementor-heading-title.elementor-size-large{font-size:29px}.elementor-widget-heading .elementor-heading-title.elementor-size-xl{font-size:39px}.elementor-widget-heading .elementor-heading-title.elementor-size-xxl{font-size:59px}<\/style><div class=\"title-wrapper  title-center\"><h1 class=\"title elementor-heading-title\">Cr\u00e9ation sur-mesure, \nde l\u2019id\u00e9e aux produits finis\n<\/h1><\/div>\t\t<\/div>\n\t\t\t\t<\/div>\n\t\t\t\t<div class=\"elementor-element elementor-element-9f10f7d elementor-widget-mobile__width-auto elementor-widget-laptop__width-initial elementor-widget-tablet_extra__width-initial elementor-widget-tablet__width-initial elementor-invisible elementor-widget elementor-widget-udesign_widget_heading\" data-id=\"9f10f7d\" data-element_type=\"widget\" data-settings=\"{&quot;_animation&quot;:&quot;fadeInRightShorter&quot;,&quot;_animation_delay&quot;:800}\" data-widget_type=\"udesign_widget_heading.default\">\n\t\t\t\t<div class=\"elementor-widget-container\">\n\t\t\t<div class=\"title-wrapper  title-center title-md-center\"><p class=\"title elementor-heading-title\">Nous vous accompagnons de la conception \u00e0 la r\u00e9alisation pour cr\u00e9er des bougies parfum\u00e9es, des parfums d\u2019int\u00e9rieur ou des collections compl\u00e8tes, enti\u00e8rement \u00e0 votre image : fragrance, contenant et identit\u00e9 visuelle.\n<\/p><\/div>\t\t<\/div>\n\t\t\t\t<\/div>\n\t\t\t\t\t\t<\/div>\r\n\t\t\t\t\r\n\t\t\t<\/div>\r\n\t\t\t\t\t\t<div class=\" elementor-element elementor-element-231d3ac e-flex e-con-boxed e-con e-parent\" data-id=\"231d3ac\" data-element_type=\"container\">\r\n\t\t\t\t\t\t\t<div class=\"e-con-inner\">\r\n\t\t\t\t\t\t\t<div class=\" elementor-element elementor-element-2e26547 e-con-full e-flex e-con e-child\" data-id=\"2e26547\" data-element_type=\"container\" data-settings=\"{&quot;background_background&quot;:&quot;classic&quot;}\">\r\n\t\t\t\t\t\t<div class=\" elementor-element elementor-element-c9764e9 e-con-full e-flex e-con e-child\" data-id=\"c9764e9\" data-element_type=\"container\">\r\n\t\t\t\t\t<div class=\"elementor-element elementor-element-c75d8c9 elementor-widget elementor-widget-heading\" data-id=\"c75d8c9\" data-element_type=\"widget\" data-widget_type=\"heading.default\">\n\t\t\t\t<div class=\"elementor-widget-container\">\n\t\t\t<style>\/*! elementor - v3.23.0 - 15-07-2024 *\/\n.elementor-heading-title{padding:0;margin:0;line-height:1}.elementor-widget-heading .elementor-heading-title[class*=elementor-size-]>a{color:inherit;font-size:inherit;line-height:inherit}.elementor-widget-heading .elementor-heading-title.elementor-size-small{font-size:15px}.elementor-widget-heading .elementor-heading-title.elementor-size-medium{font-size:19px}.elementor-widget-heading .elementor-heading-title.elementor-size-large{font-size:29px}.elementor-widget-heading .elementor-heading-title.elementor-size-xl{font-size:39px}.elementor-widget-heading .elementor-heading-title.elementor-size-xxl{font-size:59px}<\/style><h2 class=\"elementor-heading-title elementor-size-default\">Cr\u00e9ation sur-mesure <\/h2>\t\t<\/div>\n\t\t\t\t<\/div>\n\t\t\t\t<div class=\"elementor-element elementor-element-9dd45ea elementor-widget-mobile__width-auto elementor-widget-laptop__width-initial elementor-widget-tablet_extra__width-initial elementor-widget-tablet__width-initial elementor-invisible elementor-widget elementor-widget-udesign_widget_heading\" data-id=\"9dd45ea\" data-element_type=\"widget\" data-settings=\"{&quot;_animation&quot;:&quot;fadeInRightShorter&quot;,&quot;_animation_delay&quot;:800}\" data-widget_type=\"udesign_widget_heading.default\">\n\t\t\t\t<div class=\"elementor-widget-container\">\n\t\t\t<div class=\"title-wrapper  title-left title-md-center\"><p class=\"title elementor-heading-title\">Chez 1001 Candles, la cr\u00e9ation personnalis\u00e9e est au c\u0153ur de notre m\u00e9tier. Depuis notre atelier marocain, nous accompagnons marques, h\u00f4tels, spas, boutiques et particuliers \u00e0 chaque \u00e9tape du projet.\nDe la compr\u00e9hension de vos besoins \u00e0 la d\u00e9finition de votre univers, nous co-cr\u00e9ons une signature olfactive unique en collaboration avec nos parfumeurs \u00e0 Grasse. Nous assurons \u00e9galement la direction artistique, le design et le d\u00e9veloppement du packaging, afin de donner vie \u00e0 des cr\u00e9ations coh\u00e9rentes, sensibles et parfaitement align\u00e9es avec votre identit\u00e9.\n<\/p><\/div>\t\t<\/div>\n\t\t\t\t<\/div>\n\t\t\r\n\t\t\t<\/div>\r\n\t\t\t\t\t\t<div class=\" elementor-element elementor-element-7ee412c e-con-full e-flex elementor-invisible e-con e-child\" data-id=\"7ee412c\" data-element_type=\"container\" data-settings=\"{&quot;animation&quot;:&quot;fadeIn&quot;,&quot;animation_delay&quot;:200}\">\r\n\t\t\t\t\t<div class=\"elementor-element elementor-element-9a3ca9f elementor-invisible elementor-widget elementor-widget-image\" data-id=\"9a3ca9f\" data-element_type=\"widget\" data-settings=\"{&quot;_animation&quot;:&quot;fadeIn&quot;}\" data-widget_type=\"image.default\">\n\t\t\t\t<div class=\"elementor-widget-container\">\n\t\t\t<style>\/*! elementor - v3.23.0 - 15-07-2024 *\/\n.elementor-widget-image{text-align:center}.elementor-widget-image a{display:inline-block}.elementor-widget-image a img[src$=\".svg\"]{width:48px}.elementor-widget-image img{vertical-align:middle;display:inline-block}<\/style>\t\t\t\t\t\t\t\t\t\t<img fetchpriority=\"high\" decoding=\"async\" width=\"848\" height=\"1160\" src=\"https:\/\/1001candles.com\/wp-content\/uploads\/2026\/04\/Gemini_Generated_Image_79ejdd79ejdd79ej-e1776159194137.png\" class=\"elementor-animation-float attachment-full size-full wp-image-8480\" alt=\"creation sur-mesure, conception et r\u00e9alisation, marque blanche\" srcset=\"https:\/\/1001candles.com\/wp-content\/uploads\/2026\/04\/Gemini_Generated_Image_79ejdd79ejdd79ej-e1776159194137.png 848w, https:\/\/1001candles.com\/wp-content\/uploads\/2026\/04\/Gemini_Generated_Image_79ejdd79ejdd79ej-e1776159194137-749x1024.png 749w, https:\/\/1001candles.com\/wp-content\/uploads\/2026\/04\/Gemini_Generated_Image_79ejdd79ejdd79ej-e1776159194137-768x1051.png 768w\" sizes=\"(max-width: 848px) 100vw, 848px\" title=\"\">\t\t\t\t\t\t\t\t\t\t\t\t\t<\/div>\n\t\t\t\t<\/div>\n\t\t\r\n\t\t\t<\/div>\r\n\t\t\t\r\n\t\t\t<\/div>\r\n\t\t\t\t\t\t<div class=\" elementor-element elementor-element-7b84a5b e-con-full e-flex e-con e-child\" data-id=\"7b84a5b\" data-element_type=\"container\" data-settings=\"{&quot;background_background&quot;:&quot;classic&quot;}\">\r\n\t\t\t\t\t\t<div class=\" elementor-element elementor-element-a244de8 e-con-full e-flex e-con e-child\" data-id=\"a244de8\" data-element_type=\"container\">\r\n\t\t\t\t\t<div class=\"elementor-element elementor-element-2bc4ca8 elementor-widget elementor-widget-heading\" data-id=\"2bc4ca8\" data-element_type=\"widget\" data-widget_type=\"heading.default\">\n\t\t\t\t<div class=\"elementor-widget-container\">\n\t\t\t<h3 class=\"elementor-heading-title elementor-size-default\">Cr\u00e9ation en marque blanche\n<\/h3>\t\t<\/div>\n\t\t\t\t<\/div>\n\t\t\t\t<div class=\"elementor-element elementor-element-652049f elementor-widget-mobile__width-auto elementor-widget-laptop__width-initial elementor-widget-tablet_extra__width-initial elementor-widget-tablet__width-initial elementor-invisible elementor-widget elementor-widget-udesign_widget_heading\" data-id=\"652049f\" data-element_type=\"widget\" data-settings=\"{&quot;_animation&quot;:&quot;fadeInRightShorter&quot;,&quot;_animation_delay&quot;:800}\" data-widget_type=\"udesign_widget_heading.default\">\n\t\t\t\t<div class=\"elementor-widget-container\">\n\t\t\t<div class=\"title-wrapper  title-left title-md-center\"><p class=\"title elementor-heading-title\">Nous vous accompagnons dans le d\u00e9veloppement de bougies parfum\u00e9es et parfums d\u2019int\u00e9rieur en marque blanche, \u00e0 travers un processus structur\u00e9 et sur-mesure.\nVous s\u00e9lectionnez votre parfum parmi notre biblioth\u00e8que de senteurs, puis choisissez le type de produit, le contenant et le packaging. Chaque \u00e9l\u00e9ment est ensuite personnalis\u00e9 afin de cr\u00e9er une collection coh\u00e9rente, align\u00e9e avec votre identit\u00e9 de marque.\nNos solutions s\u2019adaptent \u00e0 de nombreux usages : retail, concept stores, cadeaux d\u2019entreprise, amenities ou coffrets personnalis\u00e9s.\nNous collaborons avec des clients au Maroc, en Europe et \u00e0 l\u2019international, avec des d\u00e9lais ma\u00eetris\u00e9s et une capacit\u00e9 de livraison dans le monde entier.\nPartagez-nous votre projet, nous vous r\u00e9pondrons sous 48 heures.\n\n<\/p><\/div>\t\t<\/div>\n\t\t\t\t<\/div>\n\t\t\r\n\t\t\t<\/div>\r\n\t\t\t\t\t\t<div class=\" elementor-element elementor-element-66b2a46 e-con-full e-flex elementor-invisible e-con e-child\" data-id=\"66b2a46\" data-element_type=\"container\" data-settings=\"{&quot;animation&quot;:&quot;fadeIn&quot;,&quot;animation_delay&quot;:200}\">\r\n\t\t\t\t\t<div class=\"elementor-element elementor-element-2053c97 elementor-invisible elementor-widget elementor-widget-image\" data-id=\"2053c97\" data-element_type=\"widget\" data-settings=\"{&quot;_animation&quot;:&quot;fadeIn&quot;}\" data-widget_type=\"image.default\">\n\t\t\t\t<div class=\"elementor-widget-container\">\n\t\t\t\t\t\t\t\t\t\t\t\t\t<img decoding=\"async\" width=\"768\" height=\"1080\" src=\"https:\/\/1001candles.com\/wp-content\/uploads\/2026\/04\/f0VNI8QQ-scaled-e1775290292610-768x1080.png\" class=\"elementor-animation-float attachment-medium_large size-medium_large wp-image-8139\" alt=\"creation sur mesure, bougies artisanales, bougies parfum\u00e9es, excellence artisanale notre histoire\" srcset=\"https:\/\/1001candles.com\/wp-content\/uploads\/2026\/04\/f0VNI8QQ-scaled-e1775290292610-768x1080.png 768w, https:\/\/1001candles.com\/wp-content\/uploads\/2026\/04\/f0VNI8QQ-scaled-e1775290292610-728x1024.png 728w\" sizes=\"(max-width: 768px) 100vw, 768px\" title=\"\">\t\t\t\t\t\t\t\t\t\t\t\t\t<\/div>\n\t\t\t\t<\/div>\n\t\t\r\n\t\t\t<\/div>\r\n\t\t\t\r\n\t\t\t<\/div>\r\n\t\t\t\t\t\t\t<\/div>\r\n\t\t\t\t\r\n\t\t\t<\/div>\r\n\t\t\t\t\t<\/div>\n\t\t","protected":false},"excerpt":{"rendered":"<p>Cr\u00e9ation sur-mesure, de l\u2019id\u00e9e aux produits finis Nous vous accompagnons de la conception \u00e0 la r\u00e9alisation pour cr\u00e9er des bougies parfum\u00e9es, des parfums d\u2019int\u00e9rieur ou des collections compl\u00e8tes, enti\u00e8rement \u00e0 votre image : fragrance, contenant et identit\u00e9 visuelle. Cr\u00e9ation sur-mesure Chez 1001 Candles, la cr\u00e9ation personnalis\u00e9e est au c\u0153ur de notre m\u00e9tier. Depuis notre atelier [&hellip;]<\/p>\n","protected":false},"author":1,"featured_media":0,"parent":0,"menu_order":0,"comment_status":"closed","ping_status":"closed","template":"","meta":{"_acf_changed":false,"footnotes":""},"class_list":["post-1865","page","type-page","status-publish","hentry"],"acf":[],"_links":{"self":[{"href":"https:\/\/1001candles.com\/en\/wp-json\/wp\/v2\/pages\/1865","targetHints":{"allow":["GET"]}}],"collection":[{"href":"https:\/\/1001candles.com\/en\/wp-json\/wp\/v2\/pages"}],"about":[{"href":"https:\/\/1001candles.com\/en\/wp-json\/wp\/v2\/types\/page"}],"author":[{"embeddable":true,"href":"https:\/\/1001candles.com\/en\/wp-json\/wp\/v2\/users\/1"}],"replies":[{"embeddable":true,"href":"https:\/\/1001candles.com\/en\/wp-json\/wp\/v2\/comments?post=1865"}],"version-history":[{"count":199,"href":"https:\/\/1001candles.com\/en\/wp-json\/wp\/v2\/pages\/1865\/revisions"}],"predecessor-version":[{"id":8504,"href":"https:\/\/1001candles.com\/en\/wp-json\/wp\/v2\/pages\/1865\/revisions\/8504"}],"wp:attachment":[{"href":"https:\/\/1001candles.com\/en\/wp-json\/wp\/v2\/media?parent=1865"}],"curies":[{"name":"wp","href":"https:\/\/api.w.org\/{rel}","templated":true}]}}